{"id":1115,"date":"2025-05-20T19:40:42","date_gmt":"2025-05-20T19:40:42","guid":{"rendered":"https:\/\/ref2026.evenement.usherbrooke.ca\/?page_id=1115"},"modified":"2025-10-15T13:19:56","modified_gmt":"2025-10-15T13:19:56","slug":"prendre-en-compte-les-voix-des-eleves-pour-transformer-levaluation-en-education","status":"publish","type":"page","link":"https:\/\/ref2026.evenement.usherbrooke.ca\/?page_id=1115","title":{"rendered":"Prendre en compte les voix des \u00e9l\u00e8ves pour transformer l&rsquo;\u00e9valuation en \u00e9ducation"},"content":{"rendered":"\n<h2 class=\"wp-block-heading justifier\"><strong>Prendre en compte les voix des \u00e9l\u00e8ves pour transformer l&rsquo;\u00e9valuation en \u00e9ducation<\/strong><\/h2>\n\n\n\n<h6 class=\"wp-block-heading\">Personnes coordinatrices : C\u00e9line Girardet, Yann Mercier-Brunel, Nicole Monney<\/h6>\n\n\n\n<p class=\"justifier\" style=\"margin-bottom:0\">Comment les \u00e9l\u00e8ves peuvent-ils contribuer aux pratiques d\u2019\u00e9valuation de mani\u00e8re significative, au-del\u00e0 d\u2019une simple consultation ou auto\u00e9valuation ? Quels outils, dispositifs et conditions sont n\u00e9cessaires pour que leur voix soit entendue, valoris\u00e9e et traduite en actions concr\u00e8tes dans la classe et\/ou au-del\u00e0 ? Comment d\u00e9passer les r\u00e9sistances institutionnelles, normatives et culturelles qui freinent une telle transformation ?<\/p>\n\n\n\n<p class=\"justifier\" style=\"margin-bottom:var(--wp--preset--spacing--20)\">\u00c0 travers des contributions empiriques et m\u00e9thodologiques, les participant\u2219es au symposium probl\u00e9matiseront plusieurs axes :<\/p>\n\n\n\n<p class=\"justifier\" style=\"margin-top:0;margin-right:0;margin-bottom:0;margin-left:var(--wp--preset--spacing--60)\">\u2022 Les dispositifs innovants mobilisant les voix des \u00e9l\u00e8ves dans et sur l\u2019\u00e9valuation \u00e0 des fins de prise en compte dans des d\u00e9cisions \u00e9ducatives : comment favorisent-ils l\u2019agentivit\u00e9, la participation d\u00e9mocratique, la construction de microcultures de classe inclusives, \u2026 ?<\/p>\n\n\n\n<p class=\"justifier\" style=\"margin-top:0;margin-right:0;margin-bottom:0;margin-left:var(--wp--preset--spacing--60)\">\u2022 Les impacts sur les \u00e9l\u00e8ves et les enseignants : en quoi la prise en compte des voix des \u00e9l\u00e8ves permet-elle des actions transformatives sur les repr\u00e9sentations de l\u2019\u00e9valuation, les relations p\u00e9dagogiques, la r\u00e9gulation des apprentissages, les pratiques r\u00e9flexives des enseignants, \u2026 ?<\/p>\n\n\n\n<p class=\"justifier\" style=\"margin-top:0;margin-right:0;margin-bottom:0;margin-left:var(--wp--preset--spacing--60)\">\u2022 Les dynamiques de pouvoir et les tensions entre les attentes des enseignants et les perspectives des \u00e9l\u00e8ves : comment instaurer une co-construction authentique des pratiques \u00e9valuatives ? Dans quelle mesure cette prise en compte est-elle susceptible de transformer les relations de pouvoir dans l\u2019\u00e9valuation ?<\/p>\n\n\n\n<p class=\"justifier\" style=\"margin-top:0;margin-right:0;margin-bottom:0;margin-left:var(--wp--preset--spacing--60)\">\u2022 Le d\u00e9passement des obstacles: comment surmonter les freins li\u00e9s aux injonctions institutionnelles, contraintes organisationnelles, normes int\u00e9gr\u00e9es, \u2026 ?<\/p>\n\n\n\n<p class=\"justifier\" style=\"margin-top:0;margin-right:0;margin-bottom:0;margin-left:var(--wp--preset--spacing--60)\">\u2022 Les enjeux \u00e9thiques: comment garantir l\u2019int\u00e9grit\u00e9, le consentement, le respect des diff\u00e9rences entre les \u00e9l\u00e8ves ? Quelles pr\u00e9cautions pour \u00e9viter l\u2019instrumentalisation,&nbsp; assurer une \u00e9coute respectueuse et une prise en compte \u00e9quitable des diff\u00e9rentes voix, selon les contextes sociaux, \u00e9motionnels, culturels ?<\/p>\n\n\n\n<p class=\"justifier\" style=\"margin-top:0;margin-right:0;margin-bottom:0;margin-left:var(--wp--preset--spacing--60)\">\u2022 Les m\u00e9thodologies collaboratives et participatives: quels enseignements tirer des projets de recherche sur l\u2019\u00e9valuation impliquant explicitement des \u00e9l\u00e8ves en tant que co-chercheurs qui \u00ab m\u00e8nent l\u2019enqu\u00eate \u00bb sur l\u2019\u00e9valuation ?<\/p>\n\n\n\n<p class=\"justifier\">Le symposium ambitionne de repositionner les \u00e9l\u00e8ves comme auteurs et acteurs de leur \u00e9valuation et des d\u00e9cisions qui en d\u00e9coulent. Les contributions mettront en lumi\u00e8re les apports, limites et perspectives pour transformer l\u2019\u00e9valuation en levier d\u2019\u00e9mancipation, de responsabilisation, d\u2019autonomisation des \u00e9l\u00e8ves, en faveur d\u2019une \u00e9valuation pour apprendre tout au long de la vie.<\/p>\n","protected":false},"excerpt":{"rendered":"<p>Prendre en compte les voix des \u00e9l\u00e8ves pour transformer l&rsquo;\u00e9valuation en \u00e9ducation Personnes coordinatrices : C\u00e9line Girardet, Yann Mercier-Brunel, Nicole Monney Comment les \u00e9l\u00e8ves peuvent-ils contribuer aux pratiques d\u2019\u00e9valuation de mani\u00e8re significative, au-del\u00e0 d\u2019une simple consultation ou auto\u00e9valuation ? Quels outils, dispositifs et conditions sont n\u00e9cessaires pour que leur voix soit entendue, valoris\u00e9e et traduite&#8230;<\/p>\n","protected":false},"author":1,"featured_media":0,"parent":0,"menu_order":0,"comment_status":"closed","ping_status":"closed","template":"","meta":{"_kad_post_transparent":"","_kad_post_title":"","_kad_post_layout":"narrow","_kad_post_sidebar_id":"","_kad_post_content_style":"","_kad_post_vertical_padding":"","_kad_post_feature":"","_kad_post_feature_position":"","_kad_post_header":false,"_kad_post_footer":false,"_kad_post_classname":"","footnotes":""},"class_list":["post-1115","page","type-page","status-publish","hentry"],"_links":{"self":[{"href":"https:\/\/ref2026.evenement.usherbrooke.ca\/index.php?rest_route=\/wp\/v2\/pages\/1115","targetHints":{"allow":["GET"]}}],"collection":[{"href":"https:\/\/ref2026.evenement.usherbrooke.ca\/index.php?rest_route=\/wp\/v2\/pages"}],"about":[{"href":"https:\/\/ref2026.evenement.usherbrooke.ca\/index.php?rest_route=\/wp\/v2\/types\/page"}],"author":[{"embeddable":true,"href":"https:\/\/ref2026.evenement.usherbrooke.ca\/index.php?rest_route=\/wp\/v2\/users\/1"}],"replies":[{"embeddable":true,"href":"https:\/\/ref2026.evenement.usherbrooke.ca\/index.php?rest_route=%2Fwp%2Fv2%2Fcomments&post=1115"}],"version-history":[{"count":12,"href":"https:\/\/ref2026.evenement.usherbrooke.ca\/index.php?rest_route=\/wp\/v2\/pages\/1115\/revisions"}],"predecessor-version":[{"id":2392,"href":"https:\/\/ref2026.evenement.usherbrooke.ca\/index.php?rest_route=\/wp\/v2\/pages\/1115\/revisions\/2392"}],"wp:attachment":[{"href":"https:\/\/ref2026.evenement.usherbrooke.ca\/index.php?rest_route=%2Fwp%2Fv2%2Fmedia&parent=1115"}],"curies":[{"name":"wp","href":"https:\/\/api.w.org\/{rel}","templated":true}]}}