{"id":1165,"date":"2025-05-26T19:36:31","date_gmt":"2025-05-26T19:36:31","guid":{"rendered":"https:\/\/ref2026.evenement.usherbrooke.ca\/?page_id=1165"},"modified":"2025-05-26T19:38:07","modified_gmt":"2025-05-26T19:38:07","slug":"rapport-aux-savoirs-et-pratiques-professionnelles-dans-les-metiers-de-lhumain","status":"publish","type":"page","link":"https:\/\/ref2026.evenement.usherbrooke.ca\/?page_id=1165","title":{"rendered":"Rapport au(x) savoir(s) et pratiques professionnelles dans les m\u00e9tiers de l\u2019humain"},"content":{"rendered":"\n<h2 class=\"wp-block-heading justifier\"><strong>Rapport au(x) savoir(s) et pratiques professionnelles dans les m\u00e9tiers de l\u2019humain<\/strong><\/h2>\n\n\n\n<h6 class=\"wp-block-heading\">Personnes coordinatrices : Genevi\u00e8ve Therriault, Pablo Buznic-Bourgeacq, Doroth\u00e9e Baillet, Val\u00e9rie Vincent<\/h6>\n\n\n\n<p class=\"justifier\" style=\"margin-bottom:0\">Afin d\u2019avoir une meilleure connaissance des diff\u00e9rents fronts de recherches qui s\u2019int\u00e9ressent au rapport au(x) savoir(s), ce symposium ambitionne d\u2019investiguer les articulations entre le rapport au(x) savoir(s) et les pratiques des professionnels dans diff\u00e9rents corps de m\u00e9tiers. \u00c0 cet \u00e9gard, il appara\u00eet pertinent d\u2019investiguer le champ des <em>m\u00e9tiers de l\u2019humain <\/em>(Bodergat et Buznic-Bourgeacq, 2015 ; Cifali, 1999), dans lequel l\u2019importance du lien, de l\u2019interaction humaine r\u00e9sonnent assur\u00e9ment avec le rapport aux savoirs des professionnels.<\/p>\n\n\n\n<p class=\"justifier\" style=\"margin-top:0;margin-bottom:0\">Les six pr\u00e9c\u00e9dents symposiums ont surtout cherch\u00e9 \u00e0 f\u00e9d\u00e9rer un ensemble de recherches th\u00e9oriques et empiriques mobilisant le concept de rapport au(x) savoir(s) dans le champ de l\u2019\u00e9ducation et de la formation. Ces travaux ont permis d\u2019explorer les dialogues possibles entre cette notion et d\u2019autres concepts, th\u00e9ories ou mod\u00e8les (Baillet et al.,<br>2024 ; Carnus et al., 2019, 2020 ; Therriault et al., 2017 ; Vincent et Carnus, 2015 ; Vincent et al., accept\u00e9). L\u2019\u00e9tude de telles relations a le plus souvent \u00e9t\u00e9 men\u00e9e par des chercheurs en sciences de l\u2019\u00e9ducation. D\u00e8s lors, nous pensons qu\u2019il est pertinent de s\u2019ouvrir \u00e0 de nouveaux m\u00e9tiers dans lesquels l\u2019humain occupe une place n\u00e9vralgique, que ce soit par exemple la psychologie, le service social ou encore les m\u00e9tiers de la sant\u00e9. En effet, la th\u00e9orie du rapport au(x) savoir(s) s\u2019inscrivant le plus souvent dans une th\u00e9orie plus large du sujet (Carnus et al, 2020 ; Charlot, 1997 ; Mosconi et al., 2000), de plus en plus de recherches la mobilisent afin de mieux comprendre les interactions entre la pens\u00e9e, les exp\u00e9riences de divers professionnels par rapport au(x) savoir(s) et leurs impacts sur les pratiques r\u00e9elles, souvent complexes et travers\u00e9es de tensions. Sans exclure les enseignants du pr\u00e9scolaire \u00e0 l\u2019universit\u00e9 des m\u00e9tiers de l\u2019humain et\/ou \u00e0 pratiques prudentielles, nous pensons notamment aux psychologues, aux intervenants sociaux ou encore aux infirmi\u00e8res, \u00e0 titre d\u2019exemple.<\/p>\n\n\n\n<p class=\"justifier\">Les contributions attendues dans ce symposium font \u00e9tat de recherches empiriques qui mobilisent le concept de rapport au(x)savoir(s) selon des approches th\u00e9oriques et m\u00e9thodologiques diverses en lien avec les pratiques professionnelles dans les m\u00e9tiers de l\u2019humain et les enjeux qui les accompagnent.<\/p>\n","protected":false},"excerpt":{"rendered":"<p>Rapport au(x) savoir(s) et pratiques professionnelles dans les m\u00e9tiers de l\u2019humain Personnes coordinatrices : Genevi\u00e8ve Therriault, Pablo Buznic-Bourgeacq, Doroth\u00e9e Baillet, Val\u00e9rie Vincent Afin d\u2019avoir une meilleure connaissance des diff\u00e9rents fronts de recherches qui s\u2019int\u00e9ressent au rapport au(x) savoir(s), ce symposium ambitionne d\u2019investiguer les articulations entre le rapport au(x) savoir(s) et les pratiques des professionnels dans&#8230;<\/p>\n","protected":false},"author":1,"featured_media":0,"parent":0,"menu_order":0,"comment_status":"closed","ping_status":"closed","template":"","meta":{"_kad_post_transparent":"","_kad_post_title":"","_kad_post_layout":"narrow","_kad_post_sidebar_id":"","_kad_post_content_style":"","_kad_post_vertical_padding":"","_kad_post_feature":"","_kad_post_feature_position":"","_kad_post_header":false,"_kad_post_footer":false,"_kad_post_classname":"","footnotes":""},"class_list":["post-1165","page","type-page","status-publish","hentry"],"_links":{"self":[{"href":"https:\/\/ref2026.evenement.usherbrooke.ca\/index.php?rest_route=\/wp\/v2\/pages\/1165","targetHints":{"allow":["GET"]}}],"collection":[{"href":"https:\/\/ref2026.evenement.usherbrooke.ca\/index.php?rest_route=\/wp\/v2\/pages"}],"about":[{"href":"https:\/\/ref2026.evenement.usherbrooke.ca\/index.php?rest_route=\/wp\/v2\/types\/page"}],"author":[{"embeddable":true,"href":"https:\/\/ref2026.evenement.usherbrooke.ca\/index.php?rest_route=\/wp\/v2\/users\/1"}],"replies":[{"embeddable":true,"href":"https:\/\/ref2026.evenement.usherbrooke.ca\/index.php?rest_route=%2Fwp%2Fv2%2Fcomments&post=1165"}],"version-history":[{"count":4,"href":"https:\/\/ref2026.evenement.usherbrooke.ca\/index.php?rest_route=\/wp\/v2\/pages\/1165\/revisions"}],"predecessor-version":[{"id":1283,"href":"https:\/\/ref2026.evenement.usherbrooke.ca\/index.php?rest_route=\/wp\/v2\/pages\/1165\/revisions\/1283"}],"wp:attachment":[{"href":"https:\/\/ref2026.evenement.usherbrooke.ca\/index.php?rest_route=%2Fwp%2Fv2%2Fmedia&parent=1165"}],"curies":[{"name":"wp","href":"https:\/\/api.w.org\/{rel}","templated":true}]}}