{"id":1168,"date":"2025-05-27T14:00:42","date_gmt":"2025-05-27T14:00:42","guid":{"rendered":"https:\/\/ref2026.evenement.usherbrooke.ca\/?page_id=1168"},"modified":"2025-05-27T14:02:18","modified_gmt":"2025-05-27T14:02:18","slug":"se-professionnaliser-par-la-desobeissance","status":"publish","type":"page","link":"https:\/\/ref2026.evenement.usherbrooke.ca\/?page_id=1168","title":{"rendered":"(Se) professionnaliser par la d\u00e9sob\u00e9issance ?"},"content":{"rendered":"\n<h2 class=\"wp-block-heading justifier\"><strong>(Se) professionnaliser par la d\u00e9sob\u00e9issance ?<\/strong><\/h2>\n\n\n\n<h6 class=\"wp-block-heading justifier\">Personnes coordinatrices : Marc Boutet, Sephora Boucenna, Christophe Gremion, Alban Roblez<\/h6>\n\n\n\n<p class=\"justifier\" style=\"margin-bottom:0\">Le monde du travail, \u00e0 l\u2019instar du monde \u00e9ducatif, entretient un rapport \u00e9quivoque et paradoxal \u00e0 l\u2019ob\u00e9issance.<br>D\u2019une part, des proc\u00e8s organisationnels d\u00e9finissent les modalit\u00e9s de la r\u00e9alisation du travail ainsi que les crit\u00e8res de qualit\u00e9 des produits du travail jusqu\u2019\u00e0 des granularit\u00e9s qui d\u00e9consid\u00e8rent l\u2019impr\u00e9vu et l\u2019incertitude avec lesquels chaque professionnel est amen\u00e9 \u00e0 composer (Clot, 2017).<br>D\u2019autre part, le monde du travail promeut la professionnalisation des acteurs, ce qui leur impose de d\u00e9velopper leur esprit d\u2019initiatives, leur esprit critique, leur cr\u00e9ativit\u00e9, leur inventivit\u00e9, \u00e0 \u00ab penser \u00ab en dehors de la bo\u00eete \u00bb, ladite bo\u00eete d\u00e9finissant le cadre des r\u00e8gles implicites et explicites conditionnant leur activit\u00e9 \u00bb (Duymedjian, 2024, p. 13), et ce dans les m\u00eames espaces dans lesquels r\u00e8gnent souvent les actions de contr\u00f4le et de conformit\u00e9 (Boltanski, 2009).<br>Enfin, les lieux de travail sont de plus en plus touch\u00e9s par des formes de personnalisation, d\u00e9monstrations de valeurs propres de sujets, rompant avec une vision dichotomique de la vie personnelle s\u00e9par\u00e9e de la vie professionnelle. Le travail se voit ainsi critiqu\u00e9, de nouvelles valeurs incarn\u00e9es par des g\u00e9n\u00e9rations modernes et actuelles le pr\u00e9sentant comme en crise ou n\u2019\u00e9tant plus la seule finalit\u00e9 (M\u00e9da, 2021; Le Garrec, 2021).<\/p>\n\n\n\n<p class=\"justifier\" style=\"margin-bottom:0\">Pourtant, la cr\u00e9ativit\u00e9, \u00e0 l\u2019instar d\u2019autres indicateurs de professionnalisation (Gremion et al, 2021), peut \u00eatre interpr\u00e9t\u00e9e comme une absence de soumission aux normes improductives, une utilisation des normes \u00e0 des fins d\u2019\u00e9mancipation (Marcel et Gremion, 2025) voire une d\u00e9sob\u00e9issance, tout en \u00e9tant ancr\u00e9e dans un contexte (Corazza et Lubart, 2020, p.5).<br>Pour r\u00e9aliser son travail et finaliser la dimension productive de l\u2019activit\u00e9, le professionnel se doit de d\u00e9sob\u00e9ir, t\u00e9moignant par l\u00e0 m\u00eame de ses comp\u00e9tences et de sa professionnalit\u00e9. La d\u00e9sob\u00e9issance ou adopter une posture subversive reviendrait alors non pas \u00e0 se mettre contre des valeurs politiques ou soci\u00e9tales, mais \u00e0 ouvrir les br\u00e8ches et les marges de transformations pour (re)faire soci\u00e9t\u00e9, au-del\u00e0 des positions n\u00e9o-lib\u00e9rales dominantes. Apprendre \u00e0 cr\u00e9er, est-ce apprendre \u00e0 d\u00e9sob\u00e9ir de fa\u00e7on \u00e0 la fois nouvelle et adapt\u00e9e (Lubart et al., 2015) ? Apprendre \u00e0 d\u00e9sob\u00e9ir permettrait-il de se professionnaliser ? D\u00e8s lors, soutenir la professionnalisation convierait-il l\u2019accompagnateur (le formateur) \u00e0 conduire une activit\u00e9 subversive, qui soutiendrait la d\u00e9sob\u00e9issance ?<\/p>\n\n\n\n<p class=\"justifier\" style=\"margin-bottom:0\"><\/p>\n","protected":false},"excerpt":{"rendered":"<p>(Se) professionnaliser par la d\u00e9sob\u00e9issance ? Personnes coordinatrices : Marc Boutet, Sephora Boucenna, Christophe Gremion, Alban Roblez Le monde du travail, \u00e0 l\u2019instar du monde \u00e9ducatif, entretient un rapport \u00e9quivoque et paradoxal \u00e0 l\u2019ob\u00e9issance.D\u2019une part, des proc\u00e8s organisationnels d\u00e9finissent les modalit\u00e9s de la r\u00e9alisation du travail ainsi que les crit\u00e8res de qualit\u00e9 des produits du&#8230;<\/p>\n","protected":false},"author":1,"featured_media":0,"parent":0,"menu_order":0,"comment_status":"closed","ping_status":"closed","template":"","meta":{"_kad_post_transparent":"","_kad_post_title":"","_kad_post_layout":"narrow","_kad_post_sidebar_id":"","_kad_post_content_style":"","_kad_post_vertical_padding":"","_kad_post_feature":"","_kad_post_feature_position":"","_kad_post_header":false,"_kad_post_footer":false,"_kad_post_classname":"","footnotes":""},"class_list":["post-1168","page","type-page","status-publish","hentry"],"_links":{"self":[{"href":"https:\/\/ref2026.evenement.usherbrooke.ca\/index.php?rest_route=\/wp\/v2\/pages\/1168","targetHints":{"allow":["GET"]}}],"collection":[{"href":"https:\/\/ref2026.evenement.usherbrooke.ca\/index.php?rest_route=\/wp\/v2\/pages"}],"about":[{"href":"https:\/\/ref2026.evenement.usherbrooke.ca\/index.php?rest_route=\/wp\/v2\/types\/page"}],"author":[{"embeddable":true,"href":"https:\/\/ref2026.evenement.usherbrooke.ca\/index.php?rest_route=\/wp\/v2\/users\/1"}],"replies":[{"embeddable":true,"href":"https:\/\/ref2026.evenement.usherbrooke.ca\/index.php?rest_route=%2Fwp%2Fv2%2Fcomments&post=1168"}],"version-history":[{"count":4,"href":"https:\/\/ref2026.evenement.usherbrooke.ca\/index.php?rest_route=\/wp\/v2\/pages\/1168\/revisions"}],"predecessor-version":[{"id":1291,"href":"https:\/\/ref2026.evenement.usherbrooke.ca\/index.php?rest_route=\/wp\/v2\/pages\/1168\/revisions\/1291"}],"wp:attachment":[{"href":"https:\/\/ref2026.evenement.usherbrooke.ca\/index.php?rest_route=%2Fwp%2Fv2%2Fmedia&parent=1168"}],"curies":[{"name":"wp","href":"https:\/\/api.w.org\/{rel}","templated":true}]}}