{"id":1173,"date":"2025-05-27T15:36:54","date_gmt":"2025-05-27T15:36:54","guid":{"rendered":"https:\/\/ref2026.evenement.usherbrooke.ca\/?page_id=1173"},"modified":"2025-05-27T15:36:54","modified_gmt":"2025-05-27T15:36:54","slug":"pluralisme-convictionnel-polarisation-et-themes-sensibles-en-contexte-scolaire","status":"publish","type":"page","link":"https:\/\/ref2026.evenement.usherbrooke.ca\/?page_id=1173","title":{"rendered":"Pluralisme convictionnel, polarisation et th\u00e8mes sensibles en contexte scolaire"},"content":{"rendered":"\n<h2 class=\"wp-block-heading justifier\"><strong>Pluralisme convictionnel, polarisation et th\u00e8mes sensibles en contexte scolaire<\/strong><\/h2>\n\n\n\n<h6 class=\"wp-block-heading\">Personnes coordinatrices : Sivane Hirsch, Anne-Claire Husser, Heinzen Samuel<\/h6>\n\n\n\n<p class=\"justifier\" style=\"margin-bottom:0\">Dans un contexte croissant de polarisation sociale, o\u00f9 tous et toutes sont invit\u00e9.es \u00e0 se placer dans un rapport entre \u201cnous\u201d et \u201ceux\u201d sur \u00e0 peu pr\u00e8s tous les d\u00e9bats sociaux, l\u2019\u00e9cole est appel\u00e9e \u00e0 jouer un r\u00f4le important dans la cr\u00e9ation d\u2019un \u201cespace de courage\u201d (Arao et Clemens, 2013). Il s\u2019agit en effet de pr\u00e9parer les \u00e9l\u00e8ves au dialogue social qui d\u00e9passe le seul objectif de \u201cgagner\u201d le d\u00e9bat politique, typique des autres espaces sociaux de dialogue &#8211; notamment les m\u00e9dias et les r\u00e9seaux sociaux &#8211; auxquels les \u00e9l\u00e8ves sont expos\u00e9s r\u00e9guli\u00e8rement. En effet, l\u2019\u00e9cole a la responsabilit\u00e9 de respecter le pluralisme convictionnel qui caract\u00e9rise les soci\u00e9t\u00e9s d\u00e9mocratiques et, en ce sens, doit composer avec une diversit\u00e9 des mani\u00e8res de voir le monde et de le comprendre. C\u2019est ainsi que de plus en plus des th\u00e8mes abord\u00e9s \u00e0 l\u2019\u00e9cole &#8211; qu\u2019ils fassent partie du curriculum ou qu\u2019ils s\u2019imposent en classe par l\u2019actualit\u00e9 &#8211; peuvent \u00eatre per\u00e7us comme \u201csensibles\u201d&nbsp; (Hirsch et Moisan, 2022), des questions socialement vives (Legardez et Simonneaux, 2006) ou encore des controverses sociotechniques (Groleau et Pouliot, 2020), socio scientifiques (Albe, 2009) ou politiques (Hess et McAvoy, 2015). Alors que la recherche propose d\u2019analyser les d\u00e9fis p\u00e9dagogiques, \u00e9thiques ou m\u00eame juridiques que ces th\u00e8mes posent en classe, elle peut elle-m\u00eame rencontrer des d\u00e9fis particuliers, tant dans la d\u00e9finition de l\u2019objet, de la m\u00e9thodologie choisie et de la d\u00e9marche mise en \u0153uvre pour documenter les pratiques.<\/p>\n\n\n\n<p class=\"justifier\">En poursuivant la r\u00e9flexion amorc\u00e9e depuis le REF 2019 par le groupe \u201cReligions et Identit\u00e9s culturelles en contexte scolaire\u201d, ce symposium rassemblera 11 contributions issues de Belgique, France, Qu\u00e9bec et Suisse abordant des th\u00e8mes sensibles d\u2019ordre religieux (ex : la question du \u00ab radicalisme religieux \u00bb), politique (ex : la la\u00efcit\u00e9 en France m\u00e9tropolitaine et \u00e0 la R\u00e9union, l\u2019histoire de la colonisation, les lois m\u00e9morielles, l\u2019\u00e9ducation \u00e0 l\u2019environnement)&nbsp; ou \u00e9thique (ex : la libert\u00e9 d\u2019expression et ses limites, l\u2019\u00e9ducation \u00e0 la sexualit\u00e9) qui font, \u00e0 des degr\u00e9s divers, l\u2019objet de polarisations dans le champ \u00e9ducatif. Les angles d\u2019analyse adopt\u00e9s seront particuli\u00e8rement nombreux et diversifi\u00e9s : philosophique (en particulier \u00e9pist\u00e9mologique et \u00e9thique), juridique, historique, sociologique, sciences des religions, sciences de l\u2019\u00e9ducation et didactique.<\/p>\n","protected":false},"excerpt":{"rendered":"<p>Pluralisme convictionnel, polarisation et th\u00e8mes sensibles en contexte scolaire Personnes coordinatrices : Sivane Hirsch, Anne-Claire Husser, Heinzen Samuel Dans un contexte croissant de polarisation sociale, o\u00f9 tous et toutes sont invit\u00e9.es \u00e0 se placer dans un rapport entre \u201cnous\u201d et \u201ceux\u201d sur \u00e0 peu pr\u00e8s tous les d\u00e9bats sociaux, l\u2019\u00e9cole est appel\u00e9e \u00e0 jouer un&#8230;<\/p>\n","protected":false},"author":1,"featured_media":0,"parent":0,"menu_order":0,"comment_status":"closed","ping_status":"closed","template":"","meta":{"_kad_post_transparent":"","_kad_post_title":"","_kad_post_layout":"narrow","_kad_post_sidebar_id":"","_kad_post_content_style":"","_kad_post_vertical_padding":"","_kad_post_feature":"","_kad_post_feature_position":"","_kad_post_header":false,"_kad_post_footer":false,"_kad_post_classname":"","footnotes":""},"class_list":["post-1173","page","type-page","status-publish","hentry"],"_links":{"self":[{"href":"https:\/\/ref2026.evenement.usherbrooke.ca\/index.php?rest_route=\/wp\/v2\/pages\/1173","targetHints":{"allow":["GET"]}}],"collection":[{"href":"https:\/\/ref2026.evenement.usherbrooke.ca\/index.php?rest_route=\/wp\/v2\/pages"}],"about":[{"href":"https:\/\/ref2026.evenement.usherbrooke.ca\/index.php?rest_route=\/wp\/v2\/types\/page"}],"author":[{"embeddable":true,"href":"https:\/\/ref2026.evenement.usherbrooke.ca\/index.php?rest_route=\/wp\/v2\/users\/1"}],"replies":[{"embeddable":true,"href":"https:\/\/ref2026.evenement.usherbrooke.ca\/index.php?rest_route=%2Fwp%2Fv2%2Fcomments&post=1173"}],"version-history":[{"count":2,"href":"https:\/\/ref2026.evenement.usherbrooke.ca\/index.php?rest_route=\/wp\/v2\/pages\/1173\/revisions"}],"predecessor-version":[{"id":1303,"href":"https:\/\/ref2026.evenement.usherbrooke.ca\/index.php?rest_route=\/wp\/v2\/pages\/1173\/revisions\/1303"}],"wp:attachment":[{"href":"https:\/\/ref2026.evenement.usherbrooke.ca\/index.php?rest_route=%2Fwp%2Fv2%2Fmedia&parent=1173"}],"curies":[{"name":"wp","href":"https:\/\/api.w.org\/{rel}","templated":true}]}}