{"id":1416,"date":"2025-06-16T15:40:55","date_gmt":"2025-06-16T15:40:55","guid":{"rendered":"https:\/\/ref2026.evenement.usherbrooke.ca\/?page_id=1416"},"modified":"2025-07-11T15:13:50","modified_gmt":"2025-07-11T15:13:50","slug":"paiement-differe-par-transfert-bancaire","status":"publish","type":"page","link":"https:\/\/ref2026.evenement.usherbrooke.ca\/?page_id=1416","title":{"rendered":"Paiement par transfert bancaire"},"content":{"rendered":"\n<h2 class=\"wp-block-heading\" style=\"margin-top:var(--wp--preset--spacing--60)\">Paiement par transfert bancaire<\/h2>\n\n\n\n<p class=\"has-text-align-left justifier\" style=\"margin-bottom:var(--wp--preset--spacing--20)\">Pour que votre inscription soit prise en consid\u00e9ration et que vous puissiez recevoir une confirmation officielle, <strong>vous devez compl\u00e9ter n\u00e9cessairement les deux \u00e9tapes suivantes<\/strong>&nbsp;:<\/p>\n\n\n\n<p class=\"justifier has-theme-palette-3-color has-text-color has-link-color wp-elements-6599450b441585424a21f3710353a740\" style=\"margin-top:0;margin-bottom:var(--wp--preset--spacing--20)\"><strong>\u00c9tape 1<\/strong>&#8211; Effectuer le transfert du montant total \u00e0 l&rsquo;aide des informations suivantes et <strong>envoyer obligatoirement votre preuve de paiement au : ref2026@usherbrooke.ca<\/strong><\/p>\n\n\n<style>.kb-image1416_dc3969-74.kb-image-is-ratio-size, .kb-image1416_dc3969-74 .kb-image-is-ratio-size{max-width:672px;width:100%;}.wp-block-kadence-column > .kt-inside-inner-col > .kb-image1416_dc3969-74.kb-image-is-ratio-size, .wp-block-kadence-column > .kt-inside-inner-col > .kb-image1416_dc3969-74 .kb-image-is-ratio-size{align-self:unset;}.kb-image1416_dc3969-74 figure{max-width:672px;}.kb-image1416_dc3969-74 .image-is-svg, .kb-image1416_dc3969-74 .image-is-svg img{width:100%;}.kb-image1416_dc3969-74 .kb-image-has-overlay:after{opacity:0.3;}<\/style>\n<div class=\"wp-block-kadence-image kb-image1416_dc3969-74\"><figure class=\"aligncenter size-large\"><img loading=\"lazy\" decoding=\"async\" width=\"1024\" height=\"510\" src=\"https:\/\/ref2026.evenement.usherbrooke.ca\/wp-content\/uploads\/2025\/06\/donnees-bancaires-1024x510.jpg\" alt=\"\" class=\"kb-img wp-image-1426\" srcset=\"https:\/\/ref2026.evenement.usherbrooke.ca\/wp-content\/uploads\/2025\/06\/donnees-bancaires-1024x510.jpg 1024w, https:\/\/ref2026.evenement.usherbrooke.ca\/wp-content\/uploads\/2025\/06\/donnees-bancaires-300x149.jpg 300w, https:\/\/ref2026.evenement.usherbrooke.ca\/wp-content\/uploads\/2025\/06\/donnees-bancaires-768x382.jpg 768w, https:\/\/ref2026.evenement.usherbrooke.ca\/wp-content\/uploads\/2025\/06\/donnees-bancaires.jpg 1181w\" sizes=\"auto, (max-width: 1024px) 100vw, 1024px\" \/><\/figure><\/div>\n\n\n\n<p style=\"margin-top:0;margin-bottom:0\"><strong>\u00c9tape 2<\/strong>&#8211; Compl\u00e9ter le formulaire suivant et le transmettre :<\/p>\n\n\n<style>.kb-row-layout-id1416_58479c-a6 > .kt-row-column-wrap{align-content:start;}:where(.kb-row-layout-id1416_58479c-a6 > .kt-row-column-wrap) > .wp-block-kadence-column{justify-content:start;}.kb-row-layout-id1416_58479c-a6 > .kt-row-column-wrap{column-gap:var(--global-kb-gap-md, 2rem);row-gap:var(--global-kb-gap-md, 2rem);max-width:793px;margin-left:auto;margin-right:auto;padding-top:var(--global-kb-spacing-sm, 1.5rem);padding-bottom:var(--global-kb-spacing-sm, 1.5rem);grid-template-columns:minmax(0, 1fr);}.kb-row-layout-id1416_58479c-a6 > .kt-row-layout-overlay{opacity:0.30;}@media all and (max-width: 1024px){.kb-row-layout-id1416_58479c-a6 > .kt-row-column-wrap{grid-template-columns:minmax(0, 1fr);}}@media all and (max-width: 767px){.kb-row-layout-id1416_58479c-a6 > .kt-row-column-wrap{grid-template-columns:minmax(0, 1fr);}}<\/style><div class=\"kb-row-layout-wrap kb-row-layout-id1416_58479c-a6 alignnone wp-block-kadence-rowlayout\"><div class=\"kt-row-column-wrap kt-has-1-columns kt-row-layout-equal kt-tab-layout-inherit kt-mobile-layout-row kt-row-valign-top\">\n<style>.kadence-column1416_f2d6cc-31 > .kt-inside-inner-col,.kadence-column1416_f2d6cc-31 > .kt-inside-inner-col:before{border-top-left-radius:0px;border-top-right-radius:0px;border-bottom-right-radius:0px;border-bottom-left-radius:0px;}.kadence-column1416_f2d6cc-31 > .kt-inside-inner-col{column-gap:var(--global-kb-gap-sm, 1rem);}.kadence-column1416_f2d6cc-31 > .kt-inside-inner-col{flex-direction:column;}.kadence-column1416_f2d6cc-31 > .kt-inside-inner-col > .aligncenter{width:100%;}.kadence-column1416_f2d6cc-31 > .kt-inside-inner-col:before{opacity:0.3;}.kadence-column1416_f2d6cc-31{position:relative;}@media all and (max-width: 1024px){.kadence-column1416_f2d6cc-31 > .kt-inside-inner-col{flex-direction:column;justify-content:center;}}@media all and (max-width: 767px){.kadence-column1416_f2d6cc-31 > .kt-inside-inner-col{flex-direction:column;justify-content:center;}}<\/style>\n<div class=\"wp-block-kadence-column kadence-column1416_f2d6cc-31\"><div class=\"kt-inside-inner-col\">\n<div class=\"wp-block-columns is-layout-flex wp-container-core-columns-is-layout-9d6595d7 wp-block-columns-is-layout-flex\">\n<div class=\"wp-block-column is-layout-flow wp-block-column-is-layout-flow\" style=\"flex-basis:100%\"><style>.wp-block-kadence-advanced-form303-cpt-id, .wp-block-kadence-advanced-form303-cpt-id.kb-form-has-background{margin-right:0px;}<\/style><div class=\"wp-block-kadence-advanced-form wp-block-kadence-advanced-form303-cpt-id kb-adv-form-label-style-normal kb-adv-form-input-size-standard kb-form-basic-style wp-block-kadence-advanced-form\"><form id=\"kb-adv-form-303-cpt-id\" class=\"kb-advanced-form\" method=\"post\">\n<style>.kb-row-layout-id1416_6c7c24-1d > .kt-row-column-wrap{align-content:start;}:where(.kb-row-layout-id1416_6c7c24-1d > .kt-row-column-wrap) > .wp-block-kadence-column{justify-content:start;}.kb-row-layout-id1416_6c7c24-1d > .kt-row-column-wrap{column-gap:var(--global-kb-gap-md, 2rem);row-gap:var(--global-kb-gap-md, 2rem);padding-top:0px;padding-right:0px;padding-bottom:0px;padding-left:0px;grid-template-columns:minmax(0, 1fr);}.kb-row-layout-id1416_6c7c24-1d > .kt-row-layout-overlay{opacity:0.30;}@media all and (max-width: 1024px){.kb-row-layout-id1416_6c7c24-1d > .kt-row-column-wrap{grid-template-columns:minmax(0, 1fr);}}@media all and (max-width: 767px){.kb-row-layout-id1416_6c7c24-1d > .kt-row-column-wrap{grid-template-columns:minmax(0, 1fr);}}<\/style><div class=\"kb-row-layout-wrap kb-row-layout-id1416_6c7c24-1d alignnone wp-block-kadence-rowlayout\"><div class=\"kt-row-column-wrap kt-has-2-columns kt-row-layout-row kt-tab-layout-inherit kt-mobile-layout-row kt-row-valign-top\">\n<style>.kadence-column1416_bcf7a8-75 > .kt-inside-inner-col,.kadence-column1416_bcf7a8-75 > .kt-inside-inner-col:before{border-top-left-radius:0px;border-top-right-radius:0px;border-bottom-right-radius:0px;border-bottom-left-radius:0px;}.kadence-column1416_bcf7a8-75 > .kt-inside-inner-col{column-gap:var(--global-kb-gap-sm, 1rem);}.kadence-column1416_bcf7a8-75 > .kt-inside-inner-col{flex-direction:column;}.kadence-column1416_bcf7a8-75 > .kt-inside-inner-col > .aligncenter{width:100%;}.kadence-column1416_bcf7a8-75 > .kt-inside-inner-col:before{opacity:0.3;}.kadence-column1416_bcf7a8-75{position:relative;}@media all and (max-width: 1024px){.kadence-column1416_bcf7a8-75 > .kt-inside-inner-col{flex-direction:column;justify-content:center;}}@media all and (max-width: 767px){.kadence-column1416_bcf7a8-75 > .kt-inside-inner-col{flex-direction:column;justify-content:center;}}<\/style>\n<div class=\"wp-block-kadence-column kadence-column1416_bcf7a8-75\"><div class=\"kt-inside-inner-col\"><style>.wp-block-kadence-advanced-form .kb-field303ac7ebf-65{max-width:100%;}<\/style><div class=\"kb-adv-form-field kb-adv-form-text-type-input kb-adv-form-infield-type-input kb-field303ac7ebf-65 wp-block-kadence-advanced-form-text\"><label class=\"kb-adv-form-label\" for=\"field303ac7ebf-65\">Nom complet<span class=\"kb-adv-form-required\">*<\/span><\/label><input name=\"fieldac7ebf-65\" id=\"field303ac7ebf-65\" data-label=\"Nom complet\" type=\"text\" placeholder=\"\" value=\"\" data-type=\"text\" class=\"kb-field kb-text-field\" data-required=\"yes\" required aria-required=\"true\"\/><\/div>\n\n<div class=\"kb-adv-form-field kb-adv-form-text-type-input kb-adv-form-infield-type-input kb-field303e2290e-8d wp-block-kadence-advanced-form-text\"><label class=\"kb-adv-form-label\" for=\"field303e2290e-8d\">Fonction<span class=\"kb-adv-form-required\">*<\/span><\/label><input name=\"fielde2290e-8d\" id=\"field303e2290e-8d\" data-label=\"Fonction\" type=\"text\" placeholder=\"\" value=\"\" data-type=\"text\" class=\"kb-field kb-text-field\" data-required=\"yes\" required aria-required=\"true\"\/><\/div>\n\n<div class=\"kb-adv-form-field kb-adv-form-text-type-input kb-adv-form-infield-type-input kb-field303a5207e-33 wp-block-kadence-advanced-form-text\"><label class=\"kb-adv-form-label\" for=\"field303a5207e-33\">Institution et pays<span class=\"kb-adv-form-required\">*<\/span><\/label><input name=\"fielda5207e-33\" id=\"field303a5207e-33\" data-label=\"Institution et pays\" type=\"text\" placeholder=\"\" value=\"\" data-type=\"text\" class=\"kb-field kb-text-field\" data-required=\"yes\" required aria-required=\"true\"\/><\/div>\n\n<div class=\"kb-adv-form-field kb-adv-form-text-type-input kb-adv-form-infield-type-input kb-field303485583-e6 wp-block-kadence-advanced-form-text\"><label class=\"kb-adv-form-label\" for=\"field303485583-e6\">Courriel<span class=\"kb-adv-form-required\">*<\/span><\/label><input name=\"field485583-e6\" id=\"field303485583-e6\" data-label=\"Courriel\" type=\"text\" placeholder=\"\" value=\"\" data-type=\"text\" class=\"kb-field kb-text-field\" data-required=\"yes\" required aria-required=\"true\"\/><\/div><\/div><\/div>\n\n\n<style>.kadence-column1416_ec994d-58 > .kt-inside-inner-col,.kadence-column1416_ec994d-58 > .kt-inside-inner-col:before{border-top-left-radius:0px;border-top-right-radius:0px;border-bottom-right-radius:0px;border-bottom-left-radius:0px;}.kadence-column1416_ec994d-58 > .kt-inside-inner-col{column-gap:var(--global-kb-gap-sm, 1rem);}.kadence-column1416_ec994d-58 > .kt-inside-inner-col{flex-direction:column;}.kadence-column1416_ec994d-58 > .kt-inside-inner-col > .aligncenter{width:100%;}.kadence-column1416_ec994d-58 > .kt-inside-inner-col:before{opacity:0.3;}.kadence-column1416_ec994d-58{position:relative;}@media all and (max-width: 1024px){.kadence-column1416_ec994d-58 > .kt-inside-inner-col{flex-direction:column;justify-content:center;}}@media all and (max-width: 767px){.kadence-column1416_ec994d-58 > .kt-inside-inner-col{flex-direction:column;justify-content:center;}}<\/style>\n<div class=\"wp-block-kadence-column kadence-column1416_ec994d-58\"><div class=\"kt-inside-inner-col\"><div class=\"kb-adv-form-field kb-field3035f4764-e2 wp-block-kadence-advanced-form-checkbox\"><fieldset class=\"kb-radio-check-item-wrap\" id=\"cb3035f4764-e2\" data-type=\"checkbox\" data-required=\"no\" ><legend class=\"kb-adv-form-label\">Je participerai en tant qu&rsquo;\u00e9tudiant.e <strong>en<\/strong> <strong>provenance de l&rsquo;international<\/strong> \u00e0 :<\/legend><div class=\"kb-radio-check-item\"><input class=\"kb-checkbox-style\" type=\"checkbox\"  id=\"field3035f4764-e2_0\" name=\"field5f4764-e2[]\" value=\"La journ\u00e9e de la rel\u00e8ve (6 juillet) : 70 $CA \"><label for=\"field3035f4764-e2_0\">La journ\u00e9e de la rel\u00e8ve (6 juillet) : 70 $CA <\/label><\/div><div class=\"kb-radio-check-item\"><input class=\"kb-checkbox-style\" type=\"checkbox\"  id=\"field3035f4764-e2_1\" name=\"field5f4764-e2[]\" value=\"La journ\u00e9e du colloque (7 juillet) : 65 $CA\"><label for=\"field3035f4764-e2_1\">La journ\u00e9e du colloque (7 juillet) : 65 $CA<\/label><\/div><div class=\"kb-radio-check-item\"><input class=\"kb-checkbox-style\" type=\"checkbox\"  id=\"field3035f4764-e2_2\" name=\"field5f4764-e2[]\" value=\"Les journ\u00e9es des symposiums (8 et 9 juillet) : 130 $CA\"><label for=\"field3035f4764-e2_2\">Les journ\u00e9es des symposiums (8 et 9 juillet) : 130 $CA<\/label><\/div><div class=\"kb-radio-check-item\"><input class=\"kb-checkbox-style\" type=\"checkbox\"  id=\"field3035f4764-e2_3\" name=\"field5f4764-e2[]\" value=\"La soir\u00e9e gala (8 juillet) : 115 $CA (taxes incluses)\"><label for=\"field3035f4764-e2_3\">La soir\u00e9e gala (8 juillet) : 115 $CA (taxes incluses)<\/label><\/div><div class=\"kb-radio-check-item\"><input class=\"kb-checkbox-style\" type=\"checkbox\"  id=\"field3035f4764-e2_4\" name=\"field5f4764-e2[]\" value=\"Ap\u00e9ritif de bienvenue, offert (7 juillet, 17h)\"><label for=\"field3035f4764-e2_4\">Ap\u00e9ritif de bienvenue, offert (7 juillet, 17h)<\/label><\/div><\/fieldset><\/div>\n\n\n<p class=\"has--font-size\" style=\"margin-bottom:var(--wp--preset--spacing--50)\"><em>* Tarifs pr\u00e9f\u00e9rentiels en vigueur jusqu\u2019au 20 avril 2026<\/em><\/p>\n\n\n<div class=\"kb-adv-form-field kb-field3034641af-d3 wp-block-kadence-advanced-form-checkbox\"><fieldset class=\"kb-radio-check-item-wrap\" id=\"cb3034641af-d3\" data-type=\"checkbox\" data-required=\"no\" ><legend class=\"kb-adv-form-label\">Je participerai en tant que professeur.e ou autre professionnel.le <strong>en provenance de l&rsquo;international<\/strong> \u00e0 :<\/legend><div class=\"kb-radio-check-item\"><input class=\"kb-checkbox-style\" type=\"checkbox\"  id=\"field3034641af-d3_0\" name=\"field4641af-d3[]\" value=\"La journ\u00e9e du colloque (7 juillet) : 75 $CA \"><label for=\"field3034641af-d3_0\">La journ\u00e9e du colloque (7 juillet) : 75 $CA <\/label><\/div><div class=\"kb-radio-check-item\"><input class=\"kb-checkbox-style\" type=\"checkbox\"  id=\"field3034641af-d3_1\" name=\"field4641af-d3[]\" value=\"Les journ\u00e9es des symposiums (8 et 9 juillet) : 150 $CA\"><label for=\"field3034641af-d3_1\">Les journ\u00e9es des symposiums (8 et 9 juillet) : 150 $CA<\/label><\/div><div class=\"kb-radio-check-item\"><input class=\"kb-checkbox-style\" type=\"checkbox\"  id=\"field3034641af-d3_2\" name=\"field4641af-d3[]\" value=\"La soir\u00e9e gala (8 juillet) : 115 $CA (taxes incluses)\"><label for=\"field3034641af-d3_2\">La soir\u00e9e gala (8 juillet) : 115 $CA (taxes incluses)<\/label><\/div><div class=\"kb-radio-check-item\"><input class=\"kb-checkbox-style\" type=\"checkbox\"  id=\"field3034641af-d3_3\" name=\"field4641af-d3[]\" value=\"Ap\u00e9ritif de bienvenue, offert (7 juillet, 17h)\"><label for=\"field3034641af-d3_3\">Ap\u00e9ritif de bienvenue, offert (7 juillet, 17h)<\/label><\/div><\/fieldset><\/div>\n\n\n<p style=\"margin-top:0;margin-bottom:0\"><em>* Tarifs pr\u00e9f\u00e9rentiels en vigueur jusqu\u2019au 20 avril 2026<\/em><\/p>\n\n\n<div class=\"kb-adv-form-field kb-field303c8d765-b3 wp-block-kadence-advanced-form-checkbox\"><fieldset class=\"kb-radio-check-item-wrap\" id=\"cb303c8d765-b3\" data-type=\"checkbox\" data-required=\"no\" ><legend class=\"kb-adv-form-label\"><br>Je participerai en tant qu&rsquo;\u00e9tudiant.e <strong>en<\/strong> <strong>provenance du Qu\u00e9bec<\/strong> \u00e0 :<\/legend><div class=\"kb-radio-check-item\"><input class=\"kb-checkbox-style\" type=\"checkbox\"  id=\"field303c8d765-b3_0\" name=\"fieldc8d765-b3[]\" value=\"La journ\u00e9e de la rel\u00e8ve (6 juillet) : 80.50 $CA (taxes incluses)\"><label for=\"field303c8d765-b3_0\">La journ\u00e9e de la rel\u00e8ve (6 juillet) : 80.50 $CA (taxes incluses)<\/label><\/div><div class=\"kb-radio-check-item\"><input class=\"kb-checkbox-style\" type=\"checkbox\"  id=\"field303c8d765-b3_1\" name=\"fieldc8d765-b3[]\" value=\"La journ\u00e9e du colloque (7 juillet) : 74.75 $CA (taxes incluses)\"><label for=\"field303c8d765-b3_1\">La journ\u00e9e du colloque (7 juillet) : 74.75 $CA (taxes incluses)<\/label><\/div><div class=\"kb-radio-check-item\"><input class=\"kb-checkbox-style\" type=\"checkbox\"  id=\"field303c8d765-b3_2\" name=\"fieldc8d765-b3[]\" value=\"Les journ\u00e9es des symposiums (8 et 9 juillet) : 149.50 $CA (taxes incluses)\"><label for=\"field303c8d765-b3_2\">Les journ\u00e9es des symposiums (8 et 9 juillet) : 149.50 $CA (taxes incluses)<\/label><\/div><div class=\"kb-radio-check-item\"><input class=\"kb-checkbox-style\" type=\"checkbox\"  id=\"field303c8d765-b3_3\" name=\"fieldc8d765-b3[]\" value=\"La soir\u00e9e gala (8 juillet) : 115 $CA (taxes incluses)\"><label for=\"field303c8d765-b3_3\">La soir\u00e9e gala (8 juillet) : 115 $CA (taxes incluses)<\/label><\/div><div class=\"kb-radio-check-item\"><input class=\"kb-checkbox-style\" type=\"checkbox\"  id=\"field303c8d765-b3_4\" name=\"fieldc8d765-b3[]\" value=\"Ap\u00e9ritif de bienvenue, offert (7 juillet, 17h)\"><label for=\"field303c8d765-b3_4\">Ap\u00e9ritif de bienvenue, offert (7 juillet, 17h)<\/label><\/div><\/fieldset><\/div>\n\n\n<p style=\"margin-top:0;margin-bottom:0\"><em>* Tarifs pr\u00e9f\u00e9rentiels en vigueur jusqu\u2019au 20 avril 2026<\/em><\/p>\n\n\n<div class=\"kb-adv-form-field kb-field303fb940b-f3 wp-block-kadence-advanced-form-checkbox\"><fieldset class=\"kb-radio-check-item-wrap\" id=\"cb303fb940b-f3\" data-type=\"checkbox\" data-required=\"no\" ><legend class=\"kb-adv-form-label\"><br>Je participerai en tant que professeur.e ou autre professionnel.le <strong>en provenance du Qu\u00e9bec<\/strong> \u00e0 :<\/legend><div class=\"kb-radio-check-item\"><input class=\"kb-checkbox-style\" type=\"checkbox\"  id=\"field303fb940b-f3_0\" name=\"fieldfb940b-f3[]\" value=\"La journ\u00e9e du colloque (7 juillet) : 86.25 $CA (taxes incluses)\"><label for=\"field303fb940b-f3_0\">La journ\u00e9e du colloque (7 juillet) : 86.25 $CA (taxes incluses)<\/label><\/div><div class=\"kb-radio-check-item\"><input class=\"kb-checkbox-style\" type=\"checkbox\"  id=\"field303fb940b-f3_1\" name=\"fieldfb940b-f3[]\" value=\"Les journ\u00e9es des symposiums (8 et 9 juillet) : 172.50 $CA (taxes incluses)\"><label for=\"field303fb940b-f3_1\">Les journ\u00e9es des symposiums (8 et 9 juillet) : 172.50 $CA (taxes incluses)<\/label><\/div><div class=\"kb-radio-check-item\"><input class=\"kb-checkbox-style\" type=\"checkbox\"  id=\"field303fb940b-f3_2\" name=\"fieldfb940b-f3[]\" value=\"La soir\u00e9e gala (8 juillet) : 115 $CA (taxes incluses)\"><label for=\"field303fb940b-f3_2\">La soir\u00e9e gala (8 juillet) : 115 $CA (taxes incluses)<\/label><\/div><div class=\"kb-radio-check-item\"><input class=\"kb-checkbox-style\" type=\"checkbox\"  id=\"field303fb940b-f3_3\" name=\"fieldfb940b-f3[]\" value=\"Ap\u00e9ritif de bienvenue, offert (7 juillet, 17h)\"><label for=\"field303fb940b-f3_3\">Ap\u00e9ritif de bienvenue, offert (7 juillet, 17h)<\/label><\/div><\/fieldset><\/div>\n\n\n<p><em>* Tarifs pr\u00e9f\u00e9rentiels en vigueur jusqu\u2019au 20 avril 2026<\/em><\/p>\n<\/div><\/div>\n\n<\/div><\/div>\n\n<style>ul.menu .kb-submit-field .kb-btn73dfc9-1e.kb-button{width:initial;}.kb-submit-field.kb-field73dfc9-1e{justify-content:flex-start;}<\/style><div class=\"kb-adv-form-field kb-submit-field kb-field73dfc9-1e wp-block-kadence-advanced-form-submit\"><button class=\"kb-button kt-button button kb-adv-form-submit-button kb-btn73dfc9-1e kt-btn-size-standard kt-btn-width-type-auto kb-btn-global-fill kt-btn-has-text-true kt-btn-has-svg-false\" type=\"submit\"><span class=\"kt-btn-inner-text\">Envoyer<\/span><\/button><\/div>\n<input type=\"hidden\" name=\"_kb_adv_form_post_id\" value=\"303\"><input type=\"hidden\" name=\"action\" value=\"kb_process_advanced_form_submit\"><input type=\"hidden\" name=\"_kb_adv_form_id\" value=\"303-cpt-id\"><\/form><\/div><\/div>\n<\/div>\n<\/div><\/div>\n\n<\/div><\/div>\n\n\n<p><\/p>\n","protected":false},"excerpt":{"rendered":"<p>Paiement par transfert bancaire Pour que votre inscription soit prise en consid\u00e9ration et que vous puissiez recevoir une confirmation officielle, vous devez compl\u00e9ter n\u00e9cessairement les deux \u00e9tapes suivantes&nbsp;: \u00c9tape 1&#8211; Effectuer le transfert du montant total \u00e0 l&rsquo;aide des informations suivantes et envoyer obligatoirement votre preuve de paiement au : ref2026@usherbrooke.ca \u00c9tape 2&#8211; Compl\u00e9ter le&#8230;<\/p>\n","protected":false},"author":1,"featured_media":0,"parent":0,"menu_order":0,"comment_status":"closed","ping_status":"closed","template":"","meta":{"_kad_post_transparent":"","_kad_post_title":"","_kad_post_layout":"narrow","_kad_post_sidebar_id":"","_kad_post_content_style":"","_kad_post_vertical_padding":"","_kad_post_feature":"","_kad_post_feature_position":"","_kad_post_header":false,"_kad_post_footer":false,"_kad_post_classname":"","footnotes":""},"class_list":["post-1416","page","type-page","status-publish","hentry"],"_links":{"self":[{"href":"https:\/\/ref2026.evenement.usherbrooke.ca\/index.php?rest_route=\/wp\/v2\/pages\/1416","targetHints":{"allow":["GET"]}}],"collection":[{"href":"https:\/\/ref2026.evenement.usherbrooke.ca\/index.php?rest_route=\/wp\/v2\/pages"}],"about":[{"href":"https:\/\/ref2026.evenement.usherbrooke.ca\/index.php?rest_route=\/wp\/v2\/types\/page"}],"author":[{"embeddable":true,"href":"https:\/\/ref2026.evenement.usherbrooke.ca\/index.php?rest_route=\/wp\/v2\/users\/1"}],"replies":[{"embeddable":true,"href":"https:\/\/ref2026.evenement.usherbrooke.ca\/index.php?rest_route=%2Fwp%2Fv2%2Fcomments&post=1416"}],"version-history":[{"count":28,"href":"https:\/\/ref2026.evenement.usherbrooke.ca\/index.php?rest_route=\/wp\/v2\/pages\/1416\/revisions"}],"predecessor-version":[{"id":1994,"href":"https:\/\/ref2026.evenement.usherbrooke.ca\/index.php?rest_route=\/wp\/v2\/pages\/1416\/revisions\/1994"}],"wp:attachment":[{"href":"https:\/\/ref2026.evenement.usherbrooke.ca\/index.php?rest_route=%2Fwp%2Fv2%2Fmedia&parent=1416"}],"curies":[{"name":"wp","href":"https:\/\/api.w.org\/{rel}","templated":true}]}}