{"id":1639,"date":"2025-06-29T22:44:01","date_gmt":"2025-06-29T22:44:01","guid":{"rendered":"https:\/\/ref2026.evenement.usherbrooke.ca\/?page_id=1639"},"modified":"2025-07-15T19:52:09","modified_gmt":"2025-07-15T19:52:09","slug":"comment-sy-rendre","status":"publish","type":"page","link":"https:\/\/ref2026.evenement.usherbrooke.ca\/?page_id=1639","title":{"rendered":"Comment s&rsquo;y rendre ?"},"content":{"rendered":"\n<h3 class=\"wp-block-heading\">Comment s&rsquo;y rendre?<\/h3>\n\n\n\n<p class=\"justifier\" style=\"margin-bottom:var(--wp--preset--spacing--20)\">Pour les participantes et participants qui viennent de l\u2019international, m\u00eame si plusieurs options sont possibles, le comit\u00e9 sugg\u00e8re la modalit\u00e9 suivante&nbsp;:<\/p>\n\n\n\n<ul class=\"wp-block-list\">\n<li style=\"margin-top:0;margin-bottom:0;padding-top:0;padding-bottom:0\">A\u00e9roport d\u2019arriv\u00e9e le plus proche&nbsp;: Montr\u00e9al-Pierre Elliot Trudeau (YUL)<\/li>\n\n\n\n<li class=\"justifier\">A\u00e9roport YUL \u00e0 Sherbrooke&nbsp;: Un service de navette (24h\/24 et 7j\/7) permet d\u2019assurer le d\u00e9placement direct aller-retour de l\u2019a\u00e9roport jusqu\u2019au lieu de r\u00e9sidence. Les r\u00e9servations sont n\u00e9cessaires et se font en ligne&nbsp;(<a href=\"https:\/\/aeronavette.ca\/accueil\/\" data-type=\"link\" data-id=\"https:\/\/aeronavette.ca\/accueil\/\" target=\"_blank\" rel=\"noreferrer noopener\"><strong>suivre ce lien<\/strong><\/a>)<\/li>\n<\/ul>\n\n\n<style>.wp-block-kadence-advancedgallery .kb-gallery-type-masonry.kb-gallery-id-1639_147b32-98{margin:-5px;}.kb-gallery-type-masonry.kb-gallery-id-1639_147b32-98 .kadence-blocks-gallery-item{padding:5px;}.kb-gallery-id-1639_147b32-98 .kadence-blocks-gallery-item .kb-gal-image-radius, .kb-gallery-id-1639_147b32-98 .kb-slide-item .kb-gal-image-radius img{border-radius:0px 0px 0px 0px;;}<\/style><div class=\"kb-gallery-wrap-id-1639_147b32-98 alignnone wp-block-kadence-advancedgallery\"><ul class=\"kb-gallery-ul kb-gallery-non-static kb-gallery-type-masonry kb-masonry-init kb-gallery-id-1639_147b32-98 kb-gallery-caption-style-bottom-hover kb-gallery-filter-none\" data-image-filter=\"none\" data-item-selector=\".kadence-blocks-gallery-item\" data-lightbox-caption=\"true\" data-columns-xxl=\"2\" data-columns-xl=\"2\" data-columns-md=\"2\" data-columns-sm=\"2\" data-columns-xs=\"1\" data-columns-ss=\"1\"><li class=\"kadence-blocks-gallery-item\" tabindex=\"0\"><div class=\"kadence-blocks-gallery-item-inner\"><figure class=\"kb-gallery-figure kadence-blocks-gallery-item-hide-caption\"><div class=\"kb-gal-image-radius\" style=\"max-width:800px;\"><div class=\"kb-gallery-image-contain kadence-blocks-gallery-intrinsic\" style=\"padding-bottom:66%;\"><img loading=\"lazy\" decoding=\"async\" src=\"https:\/\/ref2026.evenement.usherbrooke.ca\/wp-content\/uploads\/2025\/07\/Aeronavette-Sherbrooke-QC-Canada-CanaGuide.jpg\" width=\"800\" height=\"534\" alt=\"\" data-full-image=\"https:\/\/ref2026.evenement.usherbrooke.ca\/wp-content\/uploads\/2025\/07\/Aeronavette-Sherbrooke-QC-Canada-CanaGuide.jpg\" data-light-image=\"https:\/\/ref2026.evenement.usherbrooke.ca\/wp-content\/uploads\/2025\/07\/Aeronavette-Sherbrooke-QC-Canada-CanaGuide.jpg\" data-id=\"1918\" class=\"wp-image-1918\" srcset=\"https:\/\/ref2026.evenement.usherbrooke.ca\/wp-content\/uploads\/2025\/07\/Aeronavette-Sherbrooke-QC-Canada-CanaGuide.jpg 800w, https:\/\/ref2026.evenement.usherbrooke.ca\/wp-content\/uploads\/2025\/07\/Aeronavette-Sherbrooke-QC-Canada-CanaGuide-300x200.jpg 300w, https:\/\/ref2026.evenement.usherbrooke.ca\/wp-content\/uploads\/2025\/07\/Aeronavette-Sherbrooke-QC-Canada-CanaGuide-768x513.jpg 768w\" sizes=\"auto, (max-width: 800px) 100vw, 800px\" \/><\/div><\/div><\/figure><\/div><\/li><\/ul><\/div>\n\n\n<h5 class=\"wp-block-heading\">Note&nbsp;:<\/h5>\n\n\n\n<p class=\"justifier\" style=\"margin-top:0;margin-bottom:0\">Pour les personnes qui souhaitent passer par Montr\u00e9al : <\/p>\n\n\n\n<p class=\"justifier\" style=\"margin-top:0;margin-bottom:0\">1- Un bus assure le trajet entre l&rsquo;a\u00e9roport YUL et le centre ville (station Berry UQAM). Pour les informations concernant les horaires et les modalit\u00e9s de paiement, <a href=\"https:\/\/www.stm.info\/fr\/infos\/reseaux\/le-reseau-des-bus-et-les-horaires-expliques\/747-yul-aeroport-montreal-trudeau-centre#:~:text=La%20ligne%20de%20bus%20747%20circule%20entre%20l%E2%80%99a%C3%A9roport,d'autocars%20de%20Montr%C3%A9al.%20Achetez%20votre%20titre%20de%20transport\" data-type=\"link\" data-id=\"https:\/\/www.stm.info\/fr\/infos\/reseaux\/le-reseau-des-bus-et-les-horaires-expliques\/747-yul-aeroport-montreal-trudeau-centre#:~:text=La%20ligne%20de%20bus%20747%20circule%20entre%20l%E2%80%99a%C3%A9roport,d'autocars%20de%20Montr%C3%A9al.%20Achetez%20votre%20titre%20de%20transport\" target=\"_blank\" rel=\"noreferrer noopener\"><strong>cliquer sur ce lien<\/strong><\/a><\/p>\n\n\n\n<p class=\"justifier\">2- Depuis le centre ville de Montr\u00e9al, il est aussi possible de voyager vers Sherbrooke en prenant le transport autocar de la compagnie Limocar qui a des d\u00e9parts r\u00e9guliers quotidiens. Plusieurs arr\u00eats \u00e0 Sherbrooke sont possibles, dont un au campus principal de l&rsquo;Universit\u00e9 de Sherbrooke et un autre au centre ville : <a href=\"https:\/\/limocar.ca\/\" data-type=\"link\" data-id=\"https:\/\/limocar.ca\/\" target=\"_blank\" rel=\"noreferrer noopener\"><strong>voir ce lien<\/strong><\/a><\/p>\n\n\n<style>.wp-block-kadence-advancedgallery .kb-gallery-type-masonry.kb-gallery-id-1639_eae2f2-dd{margin:-5px;}.kb-gallery-type-masonry.kb-gallery-id-1639_eae2f2-dd .kadence-blocks-gallery-item{padding:5px;}.kb-gallery-id-1639_eae2f2-dd .kadence-blocks-gallery-item .kb-gal-image-radius, .kb-gallery-id-1639_eae2f2-dd .kb-slide-item .kb-gal-image-radius img{border-radius:0px 0px 0px 0px;;}<\/style><div class=\"kb-gallery-wrap-id-1639_eae2f2-dd alignnone wp-block-kadence-advancedgallery\"><ul class=\"kb-gallery-ul kb-gallery-non-static kb-gallery-type-masonry kb-masonry-init kb-gallery-id-1639_eae2f2-dd kb-gallery-caption-style-bottom-hover kb-gallery-filter-none\" data-image-filter=\"none\" data-item-selector=\".kadence-blocks-gallery-item\" data-lightbox-caption=\"true\" data-columns-xxl=\"2\" data-columns-xl=\"2\" data-columns-md=\"2\" data-columns-sm=\"2\" data-columns-xs=\"1\" data-columns-ss=\"1\"><li class=\"kadence-blocks-gallery-item\" tabindex=\"0\"><div class=\"kadence-blocks-gallery-item-inner\"><figure class=\"kb-gallery-figure kadence-blocks-gallery-item-hide-caption\"><div class=\"kb-gal-image-radius\" style=\"max-width:1000px;\"><div class=\"kb-gallery-image-contain kadence-blocks-gallery-intrinsic\" style=\"padding-bottom:66%;\"><img loading=\"lazy\" decoding=\"async\" src=\"https:\/\/ref2026.evenement.usherbrooke.ca\/wp-content\/uploads\/2025\/07\/new-bus-limocar-front-crop-lo.jpg\" width=\"1000\" height=\"669\" alt=\"\" data-full-image=\"https:\/\/ref2026.evenement.usherbrooke.ca\/wp-content\/uploads\/2025\/07\/new-bus-limocar-front-crop-lo.jpg\" data-light-image=\"https:\/\/ref2026.evenement.usherbrooke.ca\/wp-content\/uploads\/2025\/07\/new-bus-limocar-front-crop-lo.jpg\" data-id=\"1927\" class=\"wp-image-1927\" srcset=\"https:\/\/ref2026.evenement.usherbrooke.ca\/wp-content\/uploads\/2025\/07\/new-bus-limocar-front-crop-lo.jpg 1000w, https:\/\/ref2026.evenement.usherbrooke.ca\/wp-content\/uploads\/2025\/07\/new-bus-limocar-front-crop-lo-300x201.jpg 300w, https:\/\/ref2026.evenement.usherbrooke.ca\/wp-content\/uploads\/2025\/07\/new-bus-limocar-front-crop-lo-768x514.jpg 768w\" sizes=\"auto, (max-width: 1000px) 100vw, 1000px\" \/><\/div><\/div><\/figure><\/div><\/li><\/ul><\/div>\n\n\n<p><\/p>\n","protected":false},"excerpt":{"rendered":"<p>Comment s&rsquo;y rendre? Pour les participantes et participants qui viennent de l\u2019international, m\u00eame si plusieurs options sont possibles, le comit\u00e9 sugg\u00e8re la modalit\u00e9 suivante&nbsp;: Note&nbsp;: Pour les personnes qui souhaitent passer par Montr\u00e9al : 1- Un bus assure le trajet entre l&rsquo;a\u00e9roport YUL et le centre ville (station Berry UQAM). Pour les informations concernant les&#8230;<\/p>\n","protected":false},"author":1,"featured_media":0,"parent":0,"menu_order":0,"comment_status":"closed","ping_status":"closed","template":"","meta":{"_kad_post_transparent":"","_kad_post_title":"","_kad_post_layout":"narrow","_kad_post_sidebar_id":"","_kad_post_content_style":"","_kad_post_vertical_padding":"","_kad_post_feature":"","_kad_post_feature_position":"","_kad_post_header":false,"_kad_post_footer":false,"_kad_post_classname":"","footnotes":""},"class_list":["post-1639","page","type-page","status-publish","hentry"],"_links":{"self":[{"href":"https:\/\/ref2026.evenement.usherbrooke.ca\/index.php?rest_route=\/wp\/v2\/pages\/1639","targetHints":{"allow":["GET"]}}],"collection":[{"href":"https:\/\/ref2026.evenement.usherbrooke.ca\/index.php?rest_route=\/wp\/v2\/pages"}],"about":[{"href":"https:\/\/ref2026.evenement.usherbrooke.ca\/index.php?rest_route=\/wp\/v2\/types\/page"}],"author":[{"embeddable":true,"href":"https:\/\/ref2026.evenement.usherbrooke.ca\/index.php?rest_route=\/wp\/v2\/users\/1"}],"replies":[{"embeddable":true,"href":"https:\/\/ref2026.evenement.usherbrooke.ca\/index.php?rest_route=%2Fwp%2Fv2%2Fcomments&post=1639"}],"version-history":[{"count":31,"href":"https:\/\/ref2026.evenement.usherbrooke.ca\/index.php?rest_route=\/wp\/v2\/pages\/1639\/revisions"}],"predecessor-version":[{"id":2007,"href":"https:\/\/ref2026.evenement.usherbrooke.ca\/index.php?rest_route=\/wp\/v2\/pages\/1639\/revisions\/2007"}],"wp:attachment":[{"href":"https:\/\/ref2026.evenement.usherbrooke.ca\/index.php?rest_route=%2Fwp%2Fv2%2Fmedia&parent=1639"}],"curies":[{"name":"wp","href":"https:\/\/api.w.org\/{rel}","templated":true}]}}