{"id":1693,"date":"2025-07-07T13:52:27","date_gmt":"2025-07-07T13:52:27","guid":{"rendered":"https:\/\/ref2026.evenement.usherbrooke.ca\/?page_id=1693"},"modified":"2025-07-10T13:55:12","modified_gmt":"2025-07-10T13:55:12","slug":"soiree-gala","status":"publish","type":"page","link":"https:\/\/ref2026.evenement.usherbrooke.ca\/?page_id=1693","title":{"rendered":"Soir\u00e9e Gala"},"content":{"rendered":"\n<h3 class=\"wp-block-heading\" style=\"margin-top:var(--wp--preset--spacing--70)\">Soir\u00e9e de gala<\/h3>\n\n\n\n<p class=\"justifier\" style=\"margin-top:0;margin-bottom:0\">L\u2019inscription \u00e0 la soir\u00e9e de gala comprend&nbsp;: <\/p>\n\n\n\n<p style=\"margin-top:0;margin-bottom:0\">&#8211; un ap\u00e9ritif (1 coupon de consommation);<\/p>\n\n\n\n<p style=\"margin-top:0;margin-bottom:0\">&#8211; un repas 3 services (entr\u00e9e\/plat\/dessert);<\/p>\n\n\n\n<p style=\"margin-top:0;margin-bottom:var(--wp--preset--spacing--30)\">&#8211; le vin ainsi que la soir\u00e9e dansante (DJ).<\/p>\n\n\n\n<p style=\"margin-top:0;margin-bottom:0\">Plus de d\u00e9tails (lieu, modalit\u00e9s organisationnelles, etc.) suivront ult\u00e9rieurement. <\/p>\n\n\n\n<p style=\"margin-top:0;margin-bottom:0;padding-top:0;padding-bottom:0\">Le nombre de places est limit\u00e9 !<\/p>\n\n\n\n<p style=\"margin-top:0;margin-bottom:0;padding-top:0;padding-bottom:0\"><\/p>\n\n\n\n<p><\/p>\n","protected":false},"excerpt":{"rendered":"<p>Soir\u00e9e de gala L\u2019inscription \u00e0 la soir\u00e9e de gala comprend&nbsp;: &#8211; un ap\u00e9ritif (1 coupon de consommation); &#8211; un repas 3 services (entr\u00e9e\/plat\/dessert); &#8211; le vin ainsi que la soir\u00e9e dansante (DJ). Plus de d\u00e9tails (lieu, modalit\u00e9s organisationnelles, etc.) suivront ult\u00e9rieurement. Le nombre de places est limit\u00e9 !<\/p>\n","protected":false},"author":1,"featured_media":0,"parent":0,"menu_order":0,"comment_status":"closed","ping_status":"closed","template":"","meta":{"_kad_post_transparent":"","_kad_post_title":"","_kad_post_layout":"narrow","_kad_post_sidebar_id":"","_kad_post_content_style":"","_kad_post_vertical_padding":"","_kad_post_feature":"","_kad_post_feature_position":"","_kad_post_header":false,"_kad_post_footer":false,"_kad_post_classname":"","footnotes":""},"class_list":["post-1693","page","type-page","status-publish","hentry"],"_links":{"self":[{"href":"https:\/\/ref2026.evenement.usherbrooke.ca\/index.php?rest_route=\/wp\/v2\/pages\/1693","targetHints":{"allow":["GET"]}}],"collection":[{"href":"https:\/\/ref2026.evenement.usherbrooke.ca\/index.php?rest_route=\/wp\/v2\/pages"}],"about":[{"href":"https:\/\/ref2026.evenement.usherbrooke.ca\/index.php?rest_route=\/wp\/v2\/types\/page"}],"author":[{"embeddable":true,"href":"https:\/\/ref2026.evenement.usherbrooke.ca\/index.php?rest_route=\/wp\/v2\/users\/1"}],"replies":[{"embeddable":true,"href":"https:\/\/ref2026.evenement.usherbrooke.ca\/index.php?rest_route=%2Fwp%2Fv2%2Fcomments&post=1693"}],"version-history":[{"count":17,"href":"https:\/\/ref2026.evenement.usherbrooke.ca\/index.php?rest_route=\/wp\/v2\/pages\/1693\/revisions"}],"predecessor-version":[{"id":1889,"href":"https:\/\/ref2026.evenement.usherbrooke.ca\/index.php?rest_route=\/wp\/v2\/pages\/1693\/revisions\/1889"}],"wp:attachment":[{"href":"https:\/\/ref2026.evenement.usherbrooke.ca\/index.php?rest_route=%2Fwp%2Fv2%2Fmedia&parent=1693"}],"curies":[{"name":"wp","href":"https:\/\/api.w.org\/{rel}","templated":true}]}}