{"id":1802,"date":"2025-07-08T14:13:09","date_gmt":"2025-07-08T14:13:09","guid":{"rendered":"https:\/\/ref2026.evenement.usherbrooke.ca\/?page_id=1802"},"modified":"2026-02-03T02:12:36","modified_gmt":"2026-02-03T02:12:36","slug":"transport-a-sherbrooke","status":"publish","type":"page","link":"https:\/\/ref2026.evenement.usherbrooke.ca\/?page_id=1802","title":{"rendered":"Transport \u00e0 Sherbrooke"},"content":{"rendered":"\n<h3 class=\"wp-block-heading\">Transport \u00e0 Sherbrooke<\/h3>\n\n\n\n<p class=\"justifier\" style=\"margin-bottom:var(--wp--preset--spacing--30)\">Pour se d\u00e9placer \u00e0 Sherbrooke, vous pouvez utiliser l&rsquo;un ou l&rsquo;autre des moyens de transport suivants :<\/p>\n\n\n\n<p class=\"justifier\">1- Le bus de la soci\u00e9t\u00e9 de transport de Sherbrooke : STS. Pour les informations sur les lignes et les horaires veuillez consulter <a href=\"https:\/\/www.sts.qc.ca\/\" data-type=\"link\" data-id=\"https:\/\/www.sts.qc.ca\/\" target=\"_blank\" rel=\"noreferrer noopener\"><strong>ce lien<\/strong><\/a>. Notez que si vous n\u2019avez pas de carte de transport en commun pour le bus de ville, il est possible de payer en liquide directement au chauffeur. Par contre, <strong>il est indispensable d\u2019avoir le montant exact car le chauffeur ne rend pas la monnaie. Un billet co\u00fbte<\/strong> <strong>4 $CA<\/strong>. Il est aussi possible de vous procurer vous-m\u00eame des billets <a href=\"https:\/\/www.sts.qc.ca\/tarifs\/points-de-vente\/\" data-type=\"link\" data-id=\"https:\/\/www.sts.qc.ca\/tarifs\/points-de-vente\/\" target=\"_blank\" rel=\"noreferrer noopener\"><strong>aux endroits suivants<\/strong><\/a><\/p>\n\n\n<style>.wp-block-kadence-advancedgallery .kb-gallery-type-grid.kb-gallery-id-1802_2624a8-4b{margin:-5px;}.kb-gallery-type-grid.kb-gallery-id-1802_2624a8-4b .kadence-blocks-gallery-item{padding:5px;}.kb-gallery-id-1802_2624a8-4b .kadence-blocks-gallery-item .kb-gal-image-radius, .kb-gallery-id-1802_2624a8-4b .kb-slide-item .kb-gal-image-radius img{border-radius:0px 0px 0px 0px;;}<\/style><div class=\"kb-gallery-wrap-id-1802_2624a8-4b alignnone wp-block-kadence-advancedgallery\"><ul class=\"kb-gallery-ul kb-gallery-non-static kb-gallery-type-grid kb-gallery-id-1802_2624a8-4b kb-gallery-caption-style-bottom-hover kb-gallery-filter-none\" data-image-filter=\"none\" data-item-selector=\".kadence-blocks-gallery-item\" data-lightbox-caption=\"true\" data-columns-xxl=\"2\" data-columns-xl=\"2\" data-columns-md=\"2\" data-columns-sm=\"2\" data-columns-xs=\"1\" data-columns-ss=\"1\"><li class=\"kadence-blocks-gallery-item\" tabindex=\"0\"><div class=\"kadence-blocks-gallery-item-inner\"><figure class=\"kb-gallery-figure kadence-blocks-gallery-item-hide-caption\"><div class=\"kb-gal-image-radius\"><div class=\"kb-gallery-image-contain kadence-blocks-gallery-intrinsic kb-gallery-image-ratio-land43 kb-has-image-ratio-land43\" ><img loading=\"lazy\" decoding=\"async\" src=\"https:\/\/ref2026.evenement.usherbrooke.ca\/wp-content\/uploads\/2025\/07\/Bus-electrique.png\" width=\"1024\" height=\"1024\" alt=\"\" data-full-image=\"https:\/\/ref2026.evenement.usherbrooke.ca\/wp-content\/uploads\/2025\/07\/Bus-electrique.png\" data-light-image=\"https:\/\/ref2026.evenement.usherbrooke.ca\/wp-content\/uploads\/2025\/07\/Bus-electrique.png\" data-id=\"1816\" class=\"wp-image-1816\" srcset=\"https:\/\/ref2026.evenement.usherbrooke.ca\/wp-content\/uploads\/2025\/07\/Bus-electrique.png 1024w, https:\/\/ref2026.evenement.usherbrooke.ca\/wp-content\/uploads\/2025\/07\/Bus-electrique-300x300.png 300w, https:\/\/ref2026.evenement.usherbrooke.ca\/wp-content\/uploads\/2025\/07\/Bus-electrique-150x150.png 150w, https:\/\/ref2026.evenement.usherbrooke.ca\/wp-content\/uploads\/2025\/07\/Bus-electrique-768x768.png 768w\" sizes=\"auto, (max-width: 1024px) 100vw, 1024px\" \/><\/div><\/div><\/figure><\/div><\/li><\/ul><\/div>\n\n\n<p class=\"justifier\">2- Les v\u00e9los de la compagnie BIXI. Plusieurs stations \u00e0 Sherbrooke permettent de louer un v\u00e9lo. Les d\u00e9tails sur les tarifs et les stations se trouvent sur <a href=\"https:\/\/bixi.com\/les-tarifs-bixi-pour-un-aller-simple\/\" data-type=\"link\" data-id=\"https:\/\/bixi.com\/les-tarifs-bixi-pour-un-aller-simple\/\" target=\"_blank\" rel=\"noreferrer noopener\"><strong>ce lien<\/strong><\/a><\/p>\n\n\n<style>.wp-block-kadence-advancedgallery .kb-gallery-type-grid.kb-gallery-id-1802_38421e-27{margin:-5px;}.kb-gallery-type-grid.kb-gallery-id-1802_38421e-27 .kadence-blocks-gallery-item{padding:5px;}.kb-gallery-id-1802_38421e-27 .kadence-blocks-gallery-item .kb-gal-image-radius, .kb-gallery-id-1802_38421e-27 .kb-slide-item .kb-gal-image-radius img{border-radius:0px 0px 0px 0px;;}<\/style><div class=\"kb-gallery-wrap-id-1802_38421e-27 alignnone wp-block-kadence-advancedgallery\"><ul class=\"kb-gallery-ul kb-gallery-non-static kb-gallery-type-grid kb-gallery-id-1802_38421e-27 kb-gallery-caption-style-bottom-hover kb-gallery-filter-none\" data-image-filter=\"none\" data-item-selector=\".kadence-blocks-gallery-item\" data-lightbox-caption=\"true\" data-columns-xxl=\"2\" data-columns-xl=\"2\" data-columns-md=\"2\" data-columns-sm=\"2\" data-columns-xs=\"1\" data-columns-ss=\"1\"><li class=\"kadence-blocks-gallery-item\" tabindex=\"0\"><div class=\"kadence-blocks-gallery-item-inner\"><figure class=\"kb-gallery-figure kadence-blocks-gallery-item-hide-caption\"><div class=\"kb-gal-image-radius\"><div class=\"kb-gallery-image-contain kadence-blocks-gallery-intrinsic kb-gallery-image-ratio-land43 kb-has-image-ratio-land43\" ><img loading=\"lazy\" decoding=\"async\" src=\"https:\/\/ref2026.evenement.usherbrooke.ca\/wp-content\/uploads\/2025\/07\/bix-1024x683.jpg\" width=\"1024\" height=\"683\" alt=\"\" data-full-image=\"https:\/\/ref2026.evenement.usherbrooke.ca\/wp-content\/uploads\/2025\/07\/bix.jpg\" data-light-image=\"https:\/\/ref2026.evenement.usherbrooke.ca\/wp-content\/uploads\/2025\/07\/bix.jpg\" data-id=\"1817\" class=\"wp-image-1817\" srcset=\"https:\/\/ref2026.evenement.usherbrooke.ca\/wp-content\/uploads\/2025\/07\/bix-1024x683.jpg 1024w, https:\/\/ref2026.evenement.usherbrooke.ca\/wp-content\/uploads\/2025\/07\/bix-300x200.jpg 300w, https:\/\/ref2026.evenement.usherbrooke.ca\/wp-content\/uploads\/2025\/07\/bix-768x512.jpg 768w, https:\/\/ref2026.evenement.usherbrooke.ca\/wp-content\/uploads\/2025\/07\/bix.jpg 1536w\" sizes=\"auto, (max-width: 1024px) 100vw, 1024px\" \/><\/div><\/div><\/figure><\/div><\/li><\/ul><\/div>\n\n\n<p class=\"justifier\">3- Les Taxis de Sherbrooke 24h\/7j. Les informations sur cette modalit\u00e9 se trouvent sur <a href=\"https:\/\/www.taxisherbrooke.com\/\" data-type=\"link\" data-id=\"https:\/\/www.taxisherbrooke.com\/\" target=\"_blank\" rel=\"noreferrer noopener\"><strong>ce lien<\/strong><\/a><\/p>\n\n\n<style>.wp-block-kadence-advancedgallery .kb-gallery-type-grid.kb-gallery-id-1802_f321d7-ce{margin:-5px;}.kb-gallery-type-grid.kb-gallery-id-1802_f321d7-ce .kadence-blocks-gallery-item{padding:5px;}.kb-gallery-id-1802_f321d7-ce .kadence-blocks-gallery-item .kb-gal-image-radius, .kb-gallery-id-1802_f321d7-ce .kb-slide-item .kb-gal-image-radius img{border-radius:0px 0px 0px 0px;;}<\/style><div class=\"kb-gallery-wrap-id-1802_f321d7-ce alignnone wp-block-kadence-advancedgallery\"><ul class=\"kb-gallery-ul kb-gallery-non-static kb-gallery-type-grid kb-gallery-id-1802_f321d7-ce kb-gallery-caption-style-bottom-hover kb-gallery-filter-none\" data-image-filter=\"none\" data-item-selector=\".kadence-blocks-gallery-item\" data-lightbox-caption=\"true\" data-columns-xxl=\"2\" data-columns-xl=\"2\" data-columns-md=\"2\" data-columns-sm=\"2\" data-columns-xs=\"1\" data-columns-ss=\"1\"><li class=\"kadence-blocks-gallery-item\" tabindex=\"0\"><div class=\"kadence-blocks-gallery-item-inner\"><figure class=\"kb-gallery-figure kadence-blocks-gallery-item-hide-caption\"><div class=\"kb-gal-image-radius\"><div class=\"kb-gallery-image-contain kadence-blocks-gallery-intrinsic kb-gallery-image-ratio-land43 kb-has-image-ratio-land43\" ><img loading=\"lazy\" decoding=\"async\" src=\"https:\/\/ref2026.evenement.usherbrooke.ca\/wp-content\/uploads\/2025\/07\/taxi-sherb.png\" width=\"286\" height=\"176\" alt=\"\" data-full-image=\"https:\/\/ref2026.evenement.usherbrooke.ca\/wp-content\/uploads\/2025\/07\/taxi-sherb.png\" data-light-image=\"https:\/\/ref2026.evenement.usherbrooke.ca\/wp-content\/uploads\/2025\/07\/taxi-sherb.png\" data-id=\"1818\" class=\"wp-image-1818\"\/><\/div><\/div><\/figure><\/div><\/li><\/ul><\/div>\n\n\n<p><\/p>\n","protected":false},"excerpt":{"rendered":"<p>Transport \u00e0 Sherbrooke Pour se d\u00e9placer \u00e0 Sherbrooke, vous pouvez utiliser l&rsquo;un ou l&rsquo;autre des moyens de transport suivants : 1- Le bus de la soci\u00e9t\u00e9 de transport de Sherbrooke : STS. Pour les informations sur les lignes et les horaires veuillez consulter ce lien. Notez que si vous n\u2019avez pas de carte de transport&#8230;<\/p>\n","protected":false},"author":1,"featured_media":0,"parent":0,"menu_order":0,"comment_status":"closed","ping_status":"closed","template":"","meta":{"_kad_post_transparent":"","_kad_post_title":"","_kad_post_layout":"narrow","_kad_post_sidebar_id":"","_kad_post_content_style":"","_kad_post_vertical_padding":"","_kad_post_feature":"","_kad_post_feature_position":"","_kad_post_header":false,"_kad_post_footer":false,"_kad_post_classname":"","footnotes":""},"class_list":["post-1802","page","type-page","status-publish","hentry"],"_links":{"self":[{"href":"https:\/\/ref2026.evenement.usherbrooke.ca\/index.php?rest_route=\/wp\/v2\/pages\/1802","targetHints":{"allow":["GET"]}}],"collection":[{"href":"https:\/\/ref2026.evenement.usherbrooke.ca\/index.php?rest_route=\/wp\/v2\/pages"}],"about":[{"href":"https:\/\/ref2026.evenement.usherbrooke.ca\/index.php?rest_route=\/wp\/v2\/types\/page"}],"author":[{"embeddable":true,"href":"https:\/\/ref2026.evenement.usherbrooke.ca\/index.php?rest_route=\/wp\/v2\/users\/1"}],"replies":[{"embeddable":true,"href":"https:\/\/ref2026.evenement.usherbrooke.ca\/index.php?rest_route=%2Fwp%2Fv2%2Fcomments&post=1802"}],"version-history":[{"count":15,"href":"https:\/\/ref2026.evenement.usherbrooke.ca\/index.php?rest_route=\/wp\/v2\/pages\/1802\/revisions"}],"predecessor-version":[{"id":2719,"href":"https:\/\/ref2026.evenement.usherbrooke.ca\/index.php?rest_route=\/wp\/v2\/pages\/1802\/revisions\/2719"}],"wp:attachment":[{"href":"https:\/\/ref2026.evenement.usherbrooke.ca\/index.php?rest_route=%2Fwp%2Fv2%2Fmedia&parent=1802"}],"curies":[{"name":"wp","href":"https:\/\/api.w.org\/{rel}","templated":true}]}}