{"id":1882,"date":"2025-07-10T13:47:58","date_gmt":"2025-07-10T13:47:58","guid":{"rendered":"https:\/\/ref2026.evenement.usherbrooke.ca\/?page_id=1882"},"modified":"2025-07-18T04:20:18","modified_gmt":"2025-07-18T04:20:18","slug":"activites-touristiques-en-estrie","status":"publish","type":"page","link":"https:\/\/ref2026.evenement.usherbrooke.ca\/?page_id=1882","title":{"rendered":"Activit\u00e9s touristiques"},"content":{"rendered":"\n<h3 class=\"wp-block-heading\" style=\"margin-top:var(--wp--preset--spacing--60)\">Activit\u00e9s touristiques en Estrie<\/h3>\n\n\n\n<p class=\"justifier\" style=\"margin-bottom:var(--wp--preset--spacing--20)\">Pour d\u00e9couvrir les diff\u00e9rentes activit\u00e9s touristiques \u00e0 la ville de Sherbrooke, nous vous invitons \u00e0 consulter <a href=\"https:\/\/www.visitezsherbrooke.ca\/fr\/decouvrez\" data-type=\"link\" data-id=\"https:\/\/www.visitezsherbrooke.ca\/fr\/decouvrez\" target=\"_blank\" rel=\"noreferrer noopener\"><strong>ce lien<\/strong><\/a><\/p>\n\n\n\n<p class=\"justifier\">D&rsquo;autres activit\u00e9s sont aussi offertes dans la belle r\u00e9gion de l&rsquo;Estrie, vous trouvez les informations n\u00e9cessaires en suivant <strong><a href=\"https:\/\/www.cantonsdelest.com\/\" data-type=\"link\" data-id=\"https:\/\/www.cantonsdelest.com\/\" target=\"_blank\" rel=\"noreferrer noopener\">ce lien<\/a><\/strong><\/p>\n\n\n<style>.wp-block-kadence-advancedgallery .kb-gallery-type-grid.kb-gallery-id-1882_196722-2d{margin:-5px;}.kb-gallery-type-grid.kb-gallery-id-1882_196722-2d .kadence-blocks-gallery-item{padding:5px;}.kb-gallery-id-1882_196722-2d .kadence-blocks-gallery-item .kb-gal-image-radius, .kb-gallery-id-1882_196722-2d .kb-slide-item .kb-gal-image-radius img{border-radius:0px 0px 0px 0px;;}<\/style><div class=\"kb-gallery-wrap-id-1882_196722-2d alignnone wp-block-kadence-advancedgallery\"><ul class=\"kb-gallery-ul kb-gallery-non-static kb-gallery-type-grid kb-gallery-id-1882_196722-2d kb-gallery-caption-style-bottom-hover kb-gallery-filter-none\" data-image-filter=\"none\" data-item-selector=\".kadence-blocks-gallery-item\" data-lightbox-caption=\"true\" data-columns-xxl=\"2\" data-columns-xl=\"2\" data-columns-md=\"2\" data-columns-sm=\"2\" data-columns-xs=\"1\" data-columns-ss=\"1\"><li class=\"kadence-blocks-gallery-item\" tabindex=\"0\"><div class=\"kadence-blocks-gallery-item-inner\"><figure class=\"kb-gallery-figure kadence-blocks-gallery-item-hide-caption\"><div class=\"kb-gal-image-radius\"><div class=\"kb-gallery-image-contain kadence-blocks-gallery-intrinsic kb-gallery-image-ratio-land32 kb-has-image-ratio-land32\" ><img loading=\"lazy\" decoding=\"async\" src=\"https:\/\/ref2026.evenement.usherbrooke.ca\/wp-content\/uploads\/2025\/07\/image-1.jpg\" width=\"1005\" height=\"670\" alt=\"\" data-full-image=\"https:\/\/ref2026.evenement.usherbrooke.ca\/wp-content\/uploads\/2025\/07\/image-1.jpg\" data-light-image=\"https:\/\/ref2026.evenement.usherbrooke.ca\/wp-content\/uploads\/2025\/07\/image-1.jpg\" data-id=\"1895\" class=\"wp-image-1895\" srcset=\"https:\/\/ref2026.evenement.usherbrooke.ca\/wp-content\/uploads\/2025\/07\/image-1.jpg 1005w, https:\/\/ref2026.evenement.usherbrooke.ca\/wp-content\/uploads\/2025\/07\/image-1-300x200.jpg 300w, https:\/\/ref2026.evenement.usherbrooke.ca\/wp-content\/uploads\/2025\/07\/image-1-768x512.jpg 768w\" sizes=\"auto, (max-width: 1005px) 100vw, 1005px\" \/><\/div><\/div><\/figure><\/div><\/li><li class=\"kadence-blocks-gallery-item\" tabindex=\"0\"><div class=\"kadence-blocks-gallery-item-inner\"><figure class=\"kb-gallery-figure kadence-blocks-gallery-item-hide-caption\"><div class=\"kb-gal-image-radius\"><div class=\"kb-gallery-image-contain kadence-blocks-gallery-intrinsic kb-gallery-image-ratio-land32 kb-has-image-ratio-land32\" ><img loading=\"lazy\" decoding=\"async\" src=\"https:\/\/ref2026.evenement.usherbrooke.ca\/wp-content\/uploads\/2025\/07\/image-3.jpg\" width=\"665\" height=\"400\" alt=\"\" data-full-image=\"https:\/\/ref2026.evenement.usherbrooke.ca\/wp-content\/uploads\/2025\/07\/image-3.jpg\" data-light-image=\"https:\/\/ref2026.evenement.usherbrooke.ca\/wp-content\/uploads\/2025\/07\/image-3.jpg\" data-id=\"1898\" class=\"wp-image-1898\" srcset=\"https:\/\/ref2026.evenement.usherbrooke.ca\/wp-content\/uploads\/2025\/07\/image-3.jpg 665w, https:\/\/ref2026.evenement.usherbrooke.ca\/wp-content\/uploads\/2025\/07\/image-3-300x180.jpg 300w\" sizes=\"auto, (max-width: 665px) 100vw, 665px\" \/><\/div><\/div><\/figure><\/div><\/li><li class=\"kadence-blocks-gallery-item\" tabindex=\"0\"><div class=\"kadence-blocks-gallery-item-inner\"><figure class=\"kb-gallery-figure kadence-blocks-gallery-item-hide-caption\"><div class=\"kb-gal-image-radius\"><div class=\"kb-gallery-image-contain kadence-blocks-gallery-intrinsic kb-gallery-image-ratio-land32 kb-has-image-ratio-land32\" ><img loading=\"lazy\" decoding=\"async\" src=\"https:\/\/ref2026.evenement.usherbrooke.ca\/wp-content\/uploads\/2025\/07\/image-5-1024x665.jpg\" width=\"1024\" height=\"665\" alt=\"\" data-full-image=\"https:\/\/ref2026.evenement.usherbrooke.ca\/wp-content\/uploads\/2025\/07\/image-5.jpg\" data-light-image=\"https:\/\/ref2026.evenement.usherbrooke.ca\/wp-content\/uploads\/2025\/07\/image-5.jpg\" data-id=\"1904\" class=\"wp-image-1904\" srcset=\"https:\/\/ref2026.evenement.usherbrooke.ca\/wp-content\/uploads\/2025\/07\/image-5-1024x665.jpg 1024w, https:\/\/ref2026.evenement.usherbrooke.ca\/wp-content\/uploads\/2025\/07\/image-5-300x195.jpg 300w, https:\/\/ref2026.evenement.usherbrooke.ca\/wp-content\/uploads\/2025\/07\/image-5-768x499.jpg 768w, https:\/\/ref2026.evenement.usherbrooke.ca\/wp-content\/uploads\/2025\/07\/image-5.jpg 1032w\" sizes=\"auto, (max-width: 1024px) 100vw, 1024px\" \/><\/div><\/div><\/figure><\/div><\/li><li class=\"kadence-blocks-gallery-item\" tabindex=\"0\"><div class=\"kadence-blocks-gallery-item-inner\"><figure class=\"kb-gallery-figure kadence-blocks-gallery-item-hide-caption\"><div class=\"kb-gal-image-radius\"><div class=\"kb-gallery-image-contain kadence-blocks-gallery-intrinsic kb-gallery-image-ratio-land32 kb-has-image-ratio-land32\" ><img loading=\"lazy\" decoding=\"async\" src=\"https:\/\/ref2026.evenement.usherbrooke.ca\/wp-content\/uploads\/2025\/07\/image-4.jpg\" width=\"1005\" height=\"670\" alt=\"\" data-full-image=\"https:\/\/ref2026.evenement.usherbrooke.ca\/wp-content\/uploads\/2025\/07\/image-4.jpg\" data-light-image=\"https:\/\/ref2026.evenement.usherbrooke.ca\/wp-content\/uploads\/2025\/07\/image-4.jpg\" data-id=\"1899\" class=\"wp-image-1899\" srcset=\"https:\/\/ref2026.evenement.usherbrooke.ca\/wp-content\/uploads\/2025\/07\/image-4.jpg 1005w, https:\/\/ref2026.evenement.usherbrooke.ca\/wp-content\/uploads\/2025\/07\/image-4-300x200.jpg 300w, https:\/\/ref2026.evenement.usherbrooke.ca\/wp-content\/uploads\/2025\/07\/image-4-768x512.jpg 768w\" sizes=\"auto, (max-width: 1005px) 100vw, 1005px\" \/><\/div><\/div><\/figure><\/div><\/li><\/ul><\/div>","protected":false},"excerpt":{"rendered":"<p>Activit\u00e9s touristiques en Estrie Pour d\u00e9couvrir les diff\u00e9rentes activit\u00e9s touristiques \u00e0 la ville de Sherbrooke, nous vous invitons \u00e0 consulter ce lien D&rsquo;autres activit\u00e9s sont aussi offertes dans la belle r\u00e9gion de l&rsquo;Estrie, vous trouvez les informations n\u00e9cessaires en suivant ce lien<\/p>\n","protected":false},"author":1,"featured_media":0,"parent":0,"menu_order":0,"comment_status":"closed","ping_status":"closed","template":"","meta":{"_kad_post_transparent":"","_kad_post_title":"","_kad_post_layout":"narrow","_kad_post_sidebar_id":"","_kad_post_content_style":"","_kad_post_vertical_padding":"","_kad_post_feature":"","_kad_post_feature_position":"","_kad_post_header":false,"_kad_post_footer":false,"_kad_post_classname":"","footnotes":""},"class_list":["post-1882","page","type-page","status-publish","hentry"],"_links":{"self":[{"href":"https:\/\/ref2026.evenement.usherbrooke.ca\/index.php?rest_route=\/wp\/v2\/pages\/1882","targetHints":{"allow":["GET"]}}],"collection":[{"href":"https:\/\/ref2026.evenement.usherbrooke.ca\/index.php?rest_route=\/wp\/v2\/pages"}],"about":[{"href":"https:\/\/ref2026.evenement.usherbrooke.ca\/index.php?rest_route=\/wp\/v2\/types\/page"}],"author":[{"embeddable":true,"href":"https:\/\/ref2026.evenement.usherbrooke.ca\/index.php?rest_route=\/wp\/v2\/users\/1"}],"replies":[{"embeddable":true,"href":"https:\/\/ref2026.evenement.usherbrooke.ca\/index.php?rest_route=%2Fwp%2Fv2%2Fcomments&post=1882"}],"version-history":[{"count":16,"href":"https:\/\/ref2026.evenement.usherbrooke.ca\/index.php?rest_route=\/wp\/v2\/pages\/1882\/revisions"}],"predecessor-version":[{"id":2054,"href":"https:\/\/ref2026.evenement.usherbrooke.ca\/index.php?rest_route=\/wp\/v2\/pages\/1882\/revisions\/2054"}],"wp:attachment":[{"href":"https:\/\/ref2026.evenement.usherbrooke.ca\/index.php?rest_route=%2Fwp%2Fv2%2Fmedia&parent=1882"}],"curies":[{"name":"wp","href":"https:\/\/api.w.org\/{rel}","templated":true}]}}