{"id":2031,"date":"2025-07-17T13:21:15","date_gmt":"2025-07-17T13:21:15","guid":{"rendered":"https:\/\/ref2026.evenement.usherbrooke.ca\/?page_id=2031"},"modified":"2025-07-17T15:22:08","modified_gmt":"2025-07-17T15:22:08","slug":"besoins-specifiques","status":"publish","type":"page","link":"https:\/\/ref2026.evenement.usherbrooke.ca\/?page_id=2031","title":{"rendered":"Besoins sp\u00e9cifiques"},"content":{"rendered":"\n<h3 class=\"wp-block-heading\" style=\"margin-top:var(--wp--preset--spacing--70)\">Besoins sp\u00e9cifiques<\/h3>\n\n\n\n<p class=\"justifier has-theme-palette-8-background-color has-background\">Si vous \u00eates une personne \u00e0 mobilit\u00e9 r\u00e9duite ou si vous \u00eates une personne avec des besoins sp\u00e9cifiques, merci de nous l\u2019indiquer en communiquant avec nous \u00e0 l\u2019adresse\u00a0: <a href=\"mailto:ref2026@USherbrooke.ca\">ref2026@USherbrooke.ca<\/a><\/p>\n\n\n\n<p><\/p>\n","protected":false},"excerpt":{"rendered":"<p>Besoins sp\u00e9cifiques Si vous \u00eates une personne \u00e0 mobilit\u00e9 r\u00e9duite ou si vous \u00eates une personne avec des besoins sp\u00e9cifiques, merci de nous l\u2019indiquer en communiquant avec nous \u00e0 l\u2019adresse\u00a0: ref2026@USherbrooke.ca<\/p>\n","protected":false},"author":1,"featured_media":0,"parent":0,"menu_order":0,"comment_status":"closed","ping_status":"closed","template":"","meta":{"_kad_post_transparent":"","_kad_post_title":"","_kad_post_layout":"narrow","_kad_post_sidebar_id":"","_kad_post_content_style":"","_kad_post_vertical_padding":"","_kad_post_feature":"","_kad_post_feature_position":"","_kad_post_header":false,"_kad_post_footer":false,"_kad_post_classname":"","footnotes":""},"class_list":["post-2031","page","type-page","status-publish","hentry"],"_links":{"self":[{"href":"https:\/\/ref2026.evenement.usherbrooke.ca\/index.php?rest_route=\/wp\/v2\/pages\/2031","targetHints":{"allow":["GET"]}}],"collection":[{"href":"https:\/\/ref2026.evenement.usherbrooke.ca\/index.php?rest_route=\/wp\/v2\/pages"}],"about":[{"href":"https:\/\/ref2026.evenement.usherbrooke.ca\/index.php?rest_route=\/wp\/v2\/types\/page"}],"author":[{"embeddable":true,"href":"https:\/\/ref2026.evenement.usherbrooke.ca\/index.php?rest_route=\/wp\/v2\/users\/1"}],"replies":[{"embeddable":true,"href":"https:\/\/ref2026.evenement.usherbrooke.ca\/index.php?rest_route=%2Fwp%2Fv2%2Fcomments&post=2031"}],"version-history":[{"count":6,"href":"https:\/\/ref2026.evenement.usherbrooke.ca\/index.php?rest_route=\/wp\/v2\/pages\/2031\/revisions"}],"predecessor-version":[{"id":2044,"href":"https:\/\/ref2026.evenement.usherbrooke.ca\/index.php?rest_route=\/wp\/v2\/pages\/2031\/revisions\/2044"}],"wp:attachment":[{"href":"https:\/\/ref2026.evenement.usherbrooke.ca\/index.php?rest_route=%2Fwp%2Fv2%2Fmedia&parent=2031"}],"curies":[{"name":"wp","href":"https:\/\/api.w.org\/{rel}","templated":true}]}}