{"id":395,"date":"2025-03-04T19:03:18","date_gmt":"2025-03-04T19:03:18","guid":{"rendered":"https:\/\/ref2006.evenement.usherbrooke.ca\/?page_id=395"},"modified":"2025-07-10T14:27:40","modified_gmt":"2025-07-10T14:27:40","slug":"lieu-dorganisation","status":"publish","type":"page","link":"https:\/\/ref2026.evenement.usherbrooke.ca\/?page_id=395","title":{"rendered":"Lieu d&rsquo;organisation"},"content":{"rendered":"<style>.kb-row-layout-id395_badd6d-b6 > .kt-row-column-wrap{align-content:start;}:where(.kb-row-layout-id395_badd6d-b6 > .kt-row-column-wrap) > .wp-block-kadence-column{justify-content:start;}.kb-row-layout-id395_badd6d-b6 > .kt-row-column-wrap{column-gap:var(--global-kb-gap-md, 2rem);row-gap:var(--global-kb-gap-md, 2rem);max-width:800px;margin-left:auto;margin-right:auto;padding-top:var(--global-kb-spacing-sm, 1.5rem);padding-bottom:var(--global-kb-spacing-sm, 1.5rem);grid-template-columns:minmax(0, 1fr);}.kb-row-layout-id395_badd6d-b6 > .kt-row-layout-overlay{opacity:0.30;}@media all and (max-width: 1024px){.kb-row-layout-id395_badd6d-b6 > .kt-row-column-wrap{grid-template-columns:minmax(0, 1fr);}}@media all and (max-width: 767px){.kb-row-layout-id395_badd6d-b6 > .kt-row-column-wrap{grid-template-columns:minmax(0, 1fr);}}<\/style><div class=\"kb-row-layout-wrap kb-row-layout-id395_badd6d-b6 alignnone wp-block-kadence-rowlayout\"><div class=\"kt-row-column-wrap kt-has-1-columns kt-row-layout-equal kt-tab-layout-inherit kt-mobile-layout-row kt-row-valign-top\">\n<style>.kadence-column395_de618a-64 > .kt-inside-inner-col,.kadence-column395_de618a-64 > .kt-inside-inner-col:before{border-top-left-radius:0px;border-top-right-radius:0px;border-bottom-right-radius:0px;border-bottom-left-radius:0px;}.kadence-column395_de618a-64 > .kt-inside-inner-col{column-gap:var(--global-kb-gap-sm, 1rem);}.kadence-column395_de618a-64 > .kt-inside-inner-col{flex-direction:column;}.kadence-column395_de618a-64 > .kt-inside-inner-col > .aligncenter{width:100%;}.kadence-column395_de618a-64 > .kt-inside-inner-col:before{opacity:0.3;}.kadence-column395_de618a-64{position:relative;}@media all and (max-width: 1024px){.kadence-column395_de618a-64 > .kt-inside-inner-col{flex-direction:column;justify-content:center;}}@media all and (max-width: 767px){.kadence-column395_de618a-64 > .kt-inside-inner-col{flex-direction:column;justify-content:center;}}<\/style>\n<div class=\"wp-block-kadence-column kadence-column395_de618a-64\"><div class=\"kt-inside-inner-col\">\n<h3 class=\"wp-block-heading\">Lieu d&rsquo;organisation<\/h3>\n\n\n\n<p style=\"margin-top:0;margin-bottom:0\">Les journ\u00e9es du REF 2026 se tiendront au campus principal de l&rsquo;Universit\u00e9 de Sherbrooke :<\/p>\n\n\n\n<p>2500 boulevard de l&rsquo;Universit\u00e9, Sherbrooke, QC, J1K 2R1<\/p>\n\n\n<style>.wp-block-kadence-advancedgallery .kb-gallery-type-grid.kb-gallery-id-395_986539-8b{margin:-5px;}.kb-gallery-type-grid.kb-gallery-id-395_986539-8b .kadence-blocks-gallery-item{padding:5px;}.kb-gallery-id-395_986539-8b .kadence-blocks-gallery-item .kb-gal-image-radius, .kb-gallery-id-395_986539-8b .kb-slide-item .kb-gal-image-radius img{border-radius:0px 0px 0px 0px;;}<\/style><div class=\"kb-gallery-wrap-id-395_986539-8b alignnone wp-block-kadence-advancedgallery\"><ul class=\"kb-gallery-ul kb-gallery-non-static kb-gallery-type-grid kb-gallery-id-395_986539-8b kb-gallery-caption-style-bottom-hover kb-gallery-filter-none\" data-image-filter=\"none\" data-item-selector=\".kadence-blocks-gallery-item\" data-lightbox-caption=\"true\" data-columns-xxl=\"2\" data-columns-xl=\"2\" data-columns-md=\"2\" data-columns-sm=\"2\" data-columns-xs=\"1\" data-columns-ss=\"1\"><li class=\"kadence-blocks-gallery-item\" tabindex=\"0\"><div class=\"kadence-blocks-gallery-item-inner\"><figure class=\"kb-gallery-figure kadence-blocks-gallery-item-hide-caption\"><div class=\"kb-gal-image-radius\"><div class=\"kb-gallery-image-contain kadence-blocks-gallery-intrinsic kb-gallery-image-ratio-land43 kb-has-image-ratio-land43\" ><img loading=\"lazy\" decoding=\"async\" src=\"https:\/\/ref2026.evenement.usherbrooke.ca\/wp-content\/uploads\/2025\/06\/IMG_5495-1024x768.jpeg\" width=\"1024\" height=\"768\" alt=\"\" data-full-image=\"https:\/\/ref2026.evenement.usherbrooke.ca\/wp-content\/uploads\/2025\/06\/IMG_5495.jpeg\" data-light-image=\"https:\/\/ref2026.evenement.usherbrooke.ca\/wp-content\/uploads\/2025\/06\/IMG_5495.jpeg\" data-id=\"1455\" class=\"wp-image-1455\" srcset=\"https:\/\/ref2026.evenement.usherbrooke.ca\/wp-content\/uploads\/2025\/06\/IMG_5495-1024x768.jpeg 1024w, https:\/\/ref2026.evenement.usherbrooke.ca\/wp-content\/uploads\/2025\/06\/IMG_5495-300x225.jpeg 300w, https:\/\/ref2026.evenement.usherbrooke.ca\/wp-content\/uploads\/2025\/06\/IMG_5495-768x576.jpeg 768w, https:\/\/ref2026.evenement.usherbrooke.ca\/wp-content\/uploads\/2025\/06\/IMG_5495-1536x1152.jpeg 1536w, https:\/\/ref2026.evenement.usherbrooke.ca\/wp-content\/uploads\/2025\/06\/IMG_5495.jpeg 2032w\" sizes=\"auto, (max-width: 1024px) 100vw, 1024px\" \/><\/div><\/div><\/figure><\/div><\/li><li class=\"kadence-blocks-gallery-item\" tabindex=\"0\"><div class=\"kadence-blocks-gallery-item-inner\"><figure class=\"kb-gallery-figure kadence-blocks-gallery-item-hide-caption\"><div class=\"kb-gal-image-radius\"><div class=\"kb-gallery-image-contain kadence-blocks-gallery-intrinsic kb-gallery-image-ratio-land43 kb-has-image-ratio-land43\" ><img loading=\"lazy\" decoding=\"async\" src=\"https:\/\/ref2026.evenement.usherbrooke.ca\/wp-content\/uploads\/2025\/03\/20200429_printemps_MC_0535-2-1-2-1024x666.jpg\" width=\"1024\" height=\"666\" alt=\"\" data-full-image=\"https:\/\/ref2026.evenement.usherbrooke.ca\/wp-content\/uploads\/2025\/03\/20200429_printemps_MC_0535-2-1-2-scaled.jpg\" data-light-image=\"https:\/\/ref2026.evenement.usherbrooke.ca\/wp-content\/uploads\/2025\/03\/20200429_printemps_MC_0535-2-1-2-scaled.jpg\" data-id=\"409\" class=\"wp-image-409\" srcset=\"https:\/\/ref2026.evenement.usherbrooke.ca\/wp-content\/uploads\/2025\/03\/20200429_printemps_MC_0535-2-1-2-1024x666.jpg 1024w, https:\/\/ref2026.evenement.usherbrooke.ca\/wp-content\/uploads\/2025\/03\/20200429_printemps_MC_0535-2-1-2-300x195.jpg 300w, https:\/\/ref2026.evenement.usherbrooke.ca\/wp-content\/uploads\/2025\/03\/20200429_printemps_MC_0535-2-1-2-768x500.jpg 768w, https:\/\/ref2026.evenement.usherbrooke.ca\/wp-content\/uploads\/2025\/03\/20200429_printemps_MC_0535-2-1-2-1536x999.jpg 1536w, https:\/\/ref2026.evenement.usherbrooke.ca\/wp-content\/uploads\/2025\/03\/20200429_printemps_MC_0535-2-1-2-2048x1333.jpg 2048w\" sizes=\"auto, (max-width: 1024px) 100vw, 1024px\" \/><\/div><\/div><\/figure><\/div><\/li><\/ul><\/div><\/div><\/div>\n\n<\/div><\/div>\n\n<style>.kb-row-layout-id395_c9a7b0-6c > .kt-row-column-wrap{align-content:start;}:where(.kb-row-layout-id395_c9a7b0-6c > .kt-row-column-wrap) > .wp-block-kadence-column{justify-content:start;}.kb-row-layout-id395_c9a7b0-6c > .kt-row-column-wrap{column-gap:var(--global-kb-gap-md, 2rem);row-gap:var(--global-kb-gap-md, 2rem);max-width:800px;margin-left:auto;margin-right:auto;padding-top:var(--global-kb-spacing-sm, 1.5rem);padding-bottom:var(--global-kb-spacing-sm, 1.5rem);grid-template-columns:minmax(0, 1fr);}.kb-row-layout-id395_c9a7b0-6c > .kt-row-layout-overlay{opacity:0.30;}@media all and (max-width: 1024px){.kb-row-layout-id395_c9a7b0-6c > .kt-row-column-wrap{grid-template-columns:minmax(0, 1fr);}}@media all and (max-width: 767px){.kb-row-layout-id395_c9a7b0-6c > .kt-row-column-wrap{grid-template-columns:minmax(0, 1fr);}}<\/style><div class=\"kb-row-layout-wrap kb-row-layout-id395_c9a7b0-6c alignnone wp-block-kadence-rowlayout\"><div class=\"kt-row-column-wrap kt-has-1-columns kt-row-layout-equal kt-tab-layout-inherit kt-mobile-layout-row kt-row-valign-top\">\n<style>.kadence-column395_a73e7f-43 > .kt-inside-inner-col,.kadence-column395_a73e7f-43 > .kt-inside-inner-col:before{border-top-left-radius:0px;border-top-right-radius:0px;border-bottom-right-radius:0px;border-bottom-left-radius:0px;}.kadence-column395_a73e7f-43 > .kt-inside-inner-col{column-gap:var(--global-kb-gap-sm, 1rem);}.kadence-column395_a73e7f-43 > .kt-inside-inner-col{flex-direction:column;}.kadence-column395_a73e7f-43 > .kt-inside-inner-col > .aligncenter{width:100%;}.kadence-column395_a73e7f-43 > .kt-inside-inner-col:before{opacity:0.3;}.kadence-column395_a73e7f-43{position:relative;}@media all and (max-width: 1024px){.kadence-column395_a73e7f-43 > .kt-inside-inner-col{flex-direction:column;justify-content:center;}}@media all and (max-width: 767px){.kadence-column395_a73e7f-43 > .kt-inside-inner-col{flex-direction:column;justify-content:center;}}<\/style>\n<div class=\"wp-block-kadence-column kadence-column395_a73e7f-43\"><div class=\"kt-inside-inner-col\"><style>.kb-google-maps-container395_12a56a-5b{max-width:835px;height:345px;}<\/style><div class=\"kb-google-maps-container kb-google-maps-container395_12a56a-5b  wp-block-kadence-googlemaps\" data-mapid=\"395_12a56a5b\"><iframe width=\"100%\" height=\"100%\"\n\t\t\t\t\t\t\tstyle=\"border:0\" loading=\"lazy\"\n\t\t\t\t\t\t\tsrc=\"https:\/\/www.google.com\/maps\/embed\/v1\/place?key=AIzaSyBAM2o7PiQqwk15LC1XRH2e_KJ-jUa7KYk&#038;zoom=13&#038;maptype=roadmap&#038;q=Universit%C3%A9+de+Sherbrooke\"\n\t\t\t\t\t\t\ttitle=\"Google map of Universit\u00e9 de Sherbrooke\"><\/iframe><\/div><script>function kb_google_map395_12a56a5b() { let center = { lat: 37.8201, lng: -122.4781}; let map = new google.maps.Map(document.getElementById(\"kb-google-map395_12a56a5b\"), {\n\t\t\t\t\t    zoom: 13,\n\t\t\t\t\t    center: center,});let marker = new google.maps.Marker({   position: { lat: 37.8201, lng: -122.4781},    map: map,  });}<\/script><\/div><\/div>\n\n\n<style>.kadence-column395_d5ca61-ed > .kt-inside-inner-col,.kadence-column395_d5ca61-ed > .kt-inside-inner-col:before{border-top-left-radius:0px;border-top-right-radius:0px;border-bottom-right-radius:0px;border-bottom-left-radius:0px;}.kadence-column395_d5ca61-ed > .kt-inside-inner-col{column-gap:var(--global-kb-gap-sm, 1rem);}.kadence-column395_d5ca61-ed > .kt-inside-inner-col{flex-direction:column;}.kadence-column395_d5ca61-ed > .kt-inside-inner-col > .aligncenter{width:100%;}.kadence-column395_d5ca61-ed > .kt-inside-inner-col:before{opacity:0.3;}.kadence-column395_d5ca61-ed{position:relative;}@media all and (max-width: 1024px){.kadence-column395_d5ca61-ed > .kt-inside-inner-col{flex-direction:column;justify-content:center;}}@media all and (max-width: 767px){.kadence-column395_d5ca61-ed > .kt-inside-inner-col{flex-direction:column;justify-content:center;}}<\/style>\n<div class=\"wp-block-kadence-column kadence-column395_d5ca61-ed\"><div class=\"kt-inside-inner-col\"><\/div><\/div>\n\n<\/div><\/div>\n\n\n<p><\/p>\n","protected":false},"excerpt":{"rendered":"<p>Lieu d&rsquo;organisation Les journ\u00e9es du REF 2026 se tiendront au campus principal de l&rsquo;Universit\u00e9 de Sherbrooke : 2500 boulevard de l&rsquo;Universit\u00e9, Sherbrooke, QC, J1K 2R1<\/p>\n","protected":false},"author":1,"featured_media":0,"parent":0,"menu_order":0,"comment_status":"closed","ping_status":"closed","template":"","meta":{"_kad_post_transparent":"","_kad_post_title":"","_kad_post_layout":"","_kad_post_sidebar_id":"","_kad_post_content_style":"","_kad_post_vertical_padding":"","_kad_post_feature":"","_kad_post_feature_position":"","_kad_post_header":false,"_kad_post_footer":false,"_kad_post_classname":"","footnotes":""},"class_list":["post-395","page","type-page","status-publish","hentry"],"_links":{"self":[{"href":"https:\/\/ref2026.evenement.usherbrooke.ca\/index.php?rest_route=\/wp\/v2\/pages\/395","targetHints":{"allow":["GET"]}}],"collection":[{"href":"https:\/\/ref2026.evenement.usherbrooke.ca\/index.php?rest_route=\/wp\/v2\/pages"}],"about":[{"href":"https:\/\/ref2026.evenement.usherbrooke.ca\/index.php?rest_route=\/wp\/v2\/types\/page"}],"author":[{"embeddable":true,"href":"https:\/\/ref2026.evenement.usherbrooke.ca\/index.php?rest_route=\/wp\/v2\/users\/1"}],"replies":[{"embeddable":true,"href":"https:\/\/ref2026.evenement.usherbrooke.ca\/index.php?rest_route=%2Fwp%2Fv2%2Fcomments&post=395"}],"version-history":[{"count":28,"href":"https:\/\/ref2026.evenement.usherbrooke.ca\/index.php?rest_route=\/wp\/v2\/pages\/395\/revisions"}],"predecessor-version":[{"id":1916,"href":"https:\/\/ref2026.evenement.usherbrooke.ca\/index.php?rest_route=\/wp\/v2\/pages\/395\/revisions\/1916"}],"wp:attachment":[{"href":"https:\/\/ref2026.evenement.usherbrooke.ca\/index.php?rest_route=%2Fwp%2Fv2%2Fmedia&parent=395"}],"curies":[{"name":"wp","href":"https:\/\/api.w.org\/{rel}","templated":true}]}}