{"id":61,"date":"2025-03-03T16:03:51","date_gmt":"2025-03-03T16:03:51","guid":{"rendered":"https:\/\/ref2006.evenement.usherbrooke.ca\/?page_id=61"},"modified":"2026-04-08T15:02:24","modified_gmt":"2026-04-08T15:02:24","slug":"inscription","status":"publish","type":"page","link":"https:\/\/ref2026.evenement.usherbrooke.ca\/?page_id=61","title":{"rendered":"Inscription"},"content":{"rendered":"<style>.kb-row-layout-id61_9365c6-65 > .kt-row-column-wrap{align-content:start;}:where(.kb-row-layout-id61_9365c6-65 > .kt-row-column-wrap) > .wp-block-kadence-column{justify-content:start;}.kb-row-layout-id61_9365c6-65 > .kt-row-column-wrap{column-gap:var(--global-kb-gap-md, 2rem);row-gap:var(--global-kb-gap-md, 2rem);padding-top:var(--global-kb-spacing-sm, 1.5rem);padding-bottom:var(--global-kb-spacing-sm, 1.5rem);grid-template-columns:minmax(0, 1fr);}.kb-row-layout-id61_9365c6-65 > .kt-row-layout-overlay{opacity:0.30;}@media all and (max-width: 1024px){.kb-row-layout-id61_9365c6-65 > .kt-row-column-wrap{grid-template-columns:minmax(0, 1fr);}}@media all and (max-width: 767px){.kb-row-layout-id61_9365c6-65 > .kt-row-column-wrap{grid-template-columns:minmax(0, 1fr);}}<\/style><div class=\"kb-row-layout-wrap kb-row-layout-id61_9365c6-65 alignnone wp-block-kadence-rowlayout\"><div class=\"kt-row-column-wrap kt-has-1-columns kt-row-layout-equal kt-tab-layout-inherit kt-mobile-layout-row kt-row-valign-top\">\n<style>.kadence-column61_82a7ce-08 > .kt-inside-inner-col,.kadence-column61_82a7ce-08 > .kt-inside-inner-col:before{border-top-left-radius:0px;border-top-right-radius:0px;border-bottom-right-radius:0px;border-bottom-left-radius:0px;}.kadence-column61_82a7ce-08 > .kt-inside-inner-col{column-gap:var(--global-kb-gap-sm, 1rem);}.kadence-column61_82a7ce-08 > .kt-inside-inner-col{flex-direction:column;}.kadence-column61_82a7ce-08 > .kt-inside-inner-col > .aligncenter{width:100%;}.kadence-column61_82a7ce-08 > .kt-inside-inner-col:before{opacity:0.3;}.kadence-column61_82a7ce-08{position:relative;}@media all and (max-width: 1024px){.kadence-column61_82a7ce-08 > .kt-inside-inner-col{flex-direction:column;justify-content:center;}}@media all and (max-width: 767px){.kadence-column61_82a7ce-08 > .kt-inside-inner-col{flex-direction:column;justify-content:center;}}<\/style>\n<div class=\"wp-block-kadence-column kadence-column61_82a7ce-08\"><div class=\"kt-inside-inner-col\">\n<h2 class=\"wp-block-heading\">Informations sur la participation et l&rsquo;inscription<\/h2>\n\n\n\n<ul class=\"wp-block-list\">\n<li class=\"justifier\">La participation \u00e0 la journ\u00e9e de la rel\u00e8ve est ouverte aux personnes \u00e9tudiantes r\u00e9alisant leur doctorat ou leur postdoc sous la direction ou la codirection d\u2019une personne professeure participant \u00e0 l\u2019un des symposiums du REF 2026.<\/li>\n\n\n\n<li class=\"justifier\">La participation au colloque scientifique est ouverte \u00e0 toutes et \u00e0 tous.<\/li>\n\n\n\n<li class=\"justifier\">La participation aux symposiums est exclusivement r\u00e9serv\u00e9e aux personnes faisant partie d\u2019un symposium.<\/li>\n\n\n\n<li class=\"justifier\">Les tarifs d\u2019inscription indiqu\u00e9s incluent les pause-caf\u00e9 et les repas de midi.<\/li>\n\n\n\n<li class=\"justifier\">Les tarifs pr\u00e9f\u00e9rentiels pour l\u2019inscription sont applicables jusqu\u2019au <strong>20 avril 2026<\/strong>. Apr\u00e8s cette date ils seront major\u00e9s de 30 $CA pour les chercheuses et chercheurs et de 10 $CA pour les personnes \u00e9tudiantes.<\/li>\n<\/ul>\n\n\n\n<h2 class=\"wp-block-heading\">Frais d&rsquo;inscription<\/h2>\n\n\n\n<p class=\"justifier\" style=\"margin-top:0;margin-bottom:0;padding-top:0;padding-bottom:0\"><em>Notes : <\/em><\/p>\n\n\n\n<ul class=\"wp-block-list\">\n<li><em>Pour les personnes provenant d\u2019institutions qu\u00e9b\u00e9coises, des taxes s\u2019appliquent aux inscriptions dans le respect de la loi sur la taxe d\u2019accise (LTA)<\/em>. <em>Les taxes s\u2019appliquent \u00e9galement \u00e0 la soir\u00e9e gala pour toutes les personnes participantes<\/em>.<\/li>\n\n\n\n<li><em>Les frais d&rsquo;inscription ne sont pas remboursables<\/em>.<\/li>\n<\/ul>\n\n\n<style>.kb-table-container61_7fb698-73{overflow-x:auto;}.kb-table61_7fb698-73 td:nth-of-type(2), .kb-table61_7fb698-73 th:nth-of-type(2){width:21%;}.kb-table61_7fb698-73 td:nth-of-type(3), .kb-table61_7fb698-73 th:nth-of-type(3){width:25%;}.kb-table61_7fb698-73 td:nth-of-type(4), .kb-table61_7fb698-73 th:nth-of-type(4){width:24%;}.kb-table61_7fb698-73{table-layout:fixed;width:100%;}.kb-table-container .kb-table61_7fb698-73 th{padding-top:var(--global-kb-spacing-xxs, 0.5rem);padding-right:var(--global-kb-spacing-xxs, 0.5rem);padding-bottom:var(--global-kb-spacing-xxs, 0.5rem);padding-left:var(--global-kb-spacing-xxs, 0.5rem);text-align:center;}.kb-table-container .kb-table61_7fb698-73 caption{text-align:center;}.kb-table-container .kb-table61_7fb698-73 td{padding-top:var(--global-kb-spacing-xxs, 0.5rem);padding-right:var(--global-kb-spacing-xxs, 0.5rem);padding-bottom:var(--global-kb-spacing-xxs, 0.5rem);padding-left:var(--global-kb-spacing-xxs, 0.5rem);text-align:left;}<\/style><div class=\"kb-table-container kb-table-container61_7fb698-73 wp-block-kadence-table\"><table class=\"kb-table kb-table61_7fb698-73\">\n<tr class=\"kb-table-row kb-table-row61_595570-48\">\n<td class=\"kb-table-data kb-table-data61_19427a-d5\">\n\n<p><\/p>\n\n<\/td>\n\n<td class=\"kb-table-data kb-table-data61_ae73b9-7c\">\n\n<p><strong>Date<\/strong><\/p>\n\n<\/td>\n\n<td class=\"kb-table-data kb-table-data61_9808eb-3f\">\n\n<p class=\"has-text-align-center\"><strong>Inscription chercheur.e<\/strong><\/p>\n\n<\/td>\n\n<td class=\"kb-table-data kb-table-data61_82e883-4b\">\n\n<p class=\"has-text-align-center\"><strong>Inscription \u00e9tudiant.e<\/strong><\/p>\n\n<\/td>\n<\/tr>\n\n<tr class=\"kb-table-row kb-table-row61_b79ac3-3b\">\n<td class=\"kb-table-data kb-table-data61_7b63c2-e8\">\n\n<p><strong>Journ\u00e9e de la rel\u00e8ve<\/strong><\/p>\n\n<\/td>\n\n<td class=\"kb-table-data kb-table-data61_4bd964-87\">\n\n<p>06 juillet 2026<\/p>\n\n<\/td>\n\n<td class=\"kb-table-data kb-table-data61_a00e93-8c\">\n\n<p class=\"has-text-align-right\">&#8211;<\/p>\n\n<\/td>\n\n<td class=\"kb-table-data kb-table-data61_733c0c-e0\">\n\n<p class=\"has-text-align-right\">70 $CA<\/p>\n\n<\/td>\n<\/tr>\n\n<tr class=\"kb-table-row kb-table-row61_7d1fdb-d8\">\n<td class=\"kb-table-data kb-table-data61_47c526-78\">\n\n<p><strong>Colloque scientifique<\/strong><\/p>\n\n<\/td>\n\n<td class=\"kb-table-data kb-table-data61_a5524c-1f\">\n\n<p>07 juillet 2026<\/p>\n\n<\/td>\n\n<td class=\"kb-table-data kb-table-data61_350d0c-ee\">\n\n<p class=\"has-text-align-right\">75 $CA<\/p>\n\n<\/td>\n\n<td class=\"kb-table-data kb-table-data61_fcf95a-5d\">\n\n<p class=\"has-text-align-right\">65 $CA<\/p>\n\n<\/td>\n<\/tr>\n\n<tr class=\"kb-table-row kb-table-row61_2ad7f5-2f\">\n<td class=\"kb-table-data kb-table-data61_c66e31-cf\">\n\n<p><strong>Symposiums<\/strong><\/p>\n\n<\/td>\n\n<td class=\"kb-table-data kb-table-data61_05bbe5-50\">\n\n<p>08 et 09 juillet 2026<\/p>\n\n<\/td>\n\n<td class=\"kb-table-data kb-table-data61_8822cb-2b\">\n\n<p class=\"has-text-align-right\">150 $CA<\/p>\n\n<\/td>\n\n<td class=\"kb-table-data kb-table-data61_689fcc-56\">\n\n<p class=\"has-text-align-right\">130 $CA<\/p>\n\n<\/td>\n<\/tr>\n\n<tr class=\"kb-table-row kb-table-row61_b9e98a-fd\">\n<td class=\"kb-table-data kb-table-data61_61b82b-25\">\n\n<p class=\"has-theme-palette-3-color has-text-color has-link-color wp-elements-1fe6817691bf507c5ad26b5090b86c8b\"><strong>Soir\u00e9e de gala<\/strong>* <\/p>\n\n<\/td>\n\n<td class=\"kb-table-data kb-table-data61_99ac43-a1\">\n\n<p style=\"margin-bottom:0\">08 juillet 2026<\/p>\n\n<\/td>\n\n<td class=\"kb-table-data kb-table-data61_857011-ce\">\n\n<p class=\"has-text-align-right\">115 $CA (tx incluses)<\/p>\n\n<\/td>\n\n<td class=\"kb-table-data kb-table-data61_910591-86\">\n\n<p class=\"has-text-align-right\">115 $CA (tx incluses)<\/p>\n\n<\/td>\n<\/tr>\n<\/table><\/div><\/div><\/div>\n\n<\/div><\/div>\n\n\n<p class=\"justifier\" style=\"margin-top:0;padding-top:0\">* <em>L\u2019inscription \u00e0 la soir\u00e9e de gala comprend&nbsp;: un ap\u00e9ritif (1 coupon de consommation), un repas 3 services (entr\u00e9e\/plat\/dessert), le vin ainsi que la soir\u00e9e dansante (DJ). Plus de d\u00e9tails (lieu, modalit\u00e9s organisationnelles, etc.) suivront ult\u00e9rieurement.<\/em> <em>Le nombre de places est limit\u00e9<\/em>.<\/p>\n\n\n\n<p style=\"margin-top:0;margin-bottom:0\">Modalit\u00e9s de paiement<\/p>\n\n\n\n<p style=\"margin-top:0;margin-bottom:0;padding-top:0;padding-bottom:0\">Pour effectuer votre inscription, deux modalit\u00e9s sont possibles :<\/p>\n\n\n\n<ul style=\"margin-top:0;margin-bottom:0;padding-top:0;padding-bottom:0\" class=\"wp-block-list\">\n<li style=\"margin-top:0;margin-bottom:0;padding-top:0;padding-bottom:0\"><strong>Modalit\u00e9 1 (recommand\u00e9e)<\/strong> <strong>:<\/strong> Paiement par carte de cr\u00e9dit sur notre site s\u00e9curis\u00e9<\/li>\n<\/ul>\n\n\n\n<ul style=\"margin-top:0;margin-bottom:0;padding-top:0;padding-bottom:0\" class=\"wp-block-list\">\n<li style=\"margin-top:0;margin-bottom:var(--wp--preset--spacing--50);padding-top:0;padding-bottom:0\"><strong>Modalit\u00e9 2 : <\/strong>Paiement par transfert aupr\u00e8s de votre institution financi\u00e8re <\/li>\n<\/ul>\n\n\n\n<div class=\"wp-block-columns is-layout-flex wp-container-core-columns-is-layout-9d6595d7 wp-block-columns-is-layout-flex\">\n<div class=\"wp-block-column is-layout-flow wp-block-column-is-layout-flow\" style=\"flex-basis:50%\">\n<div class=\"wp-block-buttons is-content-justification-right is-layout-flex wp-container-core-buttons-is-layout-765c4724 wp-block-buttons-is-layout-flex\">\n<div class=\"wp-block-button\"><a class=\"wp-block-button__link has-theme-palette-2-background-color has-background wp-element-button\" href=\"https:\/\/event.fourwaves.com\/fr\/ref2026\/inscription\" target=\"_blank\" rel=\"noreferrer noopener\"><strong>Cliquer ici pour s&rsquo;inscrire via carte<\/strong> <strong>de cr\u00e9dit<\/strong><\/a><\/div>\n<\/div>\n<\/div>\n\n\n\n<div class=\"wp-block-column is-layout-flow wp-block-column-is-layout-flow\" style=\"flex-basis:50%\">\n<div class=\"wp-block-buttons is-layout-flex wp-block-buttons-is-layout-flex\">\n<div class=\"wp-block-button\"><a class=\"wp-block-button__link has-theme-palette-2-background-color has-background wp-element-button\" href=\"https:\/\/ref2026.evenement.usherbrooke.ca\/?page_id=1416\" target=\"_blank\" rel=\"noreferrer noopener\"><strong>Cliquer ici pour s&rsquo;inscrire via transfert bancaire<\/strong><\/a><\/div>\n<\/div>\n<\/div>\n<\/div>\n\n\n<style>.kb-row-layout-id61_f7cb91-9e > .kt-row-column-wrap{align-content:start;}:where(.kb-row-layout-id61_f7cb91-9e > .kt-row-column-wrap) > .wp-block-kadence-column{justify-content:start;}.kb-row-layout-id61_f7cb91-9e > .kt-row-column-wrap{column-gap:var(--global-kb-gap-md, 2rem);row-gap:var(--global-kb-gap-md, 2rem);padding-top:var(--global-kb-spacing-sm, 1.5rem);padding-bottom:var(--global-kb-spacing-sm, 1.5rem);grid-template-columns:repeat(2, minmax(0, 1fr));}.kb-row-layout-id61_f7cb91-9e > .kt-row-layout-overlay{opacity:0.30;}@media all and (max-width: 1024px){.kb-row-layout-id61_f7cb91-9e > .kt-row-column-wrap{grid-template-columns:repeat(2, minmax(0, 1fr));}}@media all and (max-width: 767px){.kb-row-layout-id61_f7cb91-9e > .kt-row-column-wrap{grid-template-columns:minmax(0, 1fr);}}<\/style><div class=\"kb-row-layout-wrap kb-row-layout-id61_f7cb91-9e alignnone wp-block-kadence-rowlayout\"><div class=\"kt-row-column-wrap kt-has-2-columns kt-row-layout-equal kt-tab-layout-inherit kt-mobile-layout-row kt-row-valign-top\">\n<style>.kadence-column61_8b60e2-ce > .kt-inside-inner-col{border-top-width:0px;border-right-width:0px;border-bottom-width:0px;border-left-width:0px;}.kadence-column61_8b60e2-ce > .kt-inside-inner-col,.kadence-column61_8b60e2-ce > .kt-inside-inner-col:before{border-top-left-radius:0px;border-top-right-radius:0px;border-bottom-right-radius:0px;border-bottom-left-radius:0px;}.kadence-column61_8b60e2-ce > .kt-inside-inner-col{column-gap:var(--global-kb-gap-sm, 1rem);}.kadence-column61_8b60e2-ce > .kt-inside-inner-col{flex-direction:column;}.kadence-column61_8b60e2-ce > .kt-inside-inner-col > .aligncenter{width:100%;}.kadence-column61_8b60e2-ce > .kt-inside-inner-col:before{opacity:0.3;}.kadence-column61_8b60e2-ce{position:relative;}@media all and (max-width: 1024px){.kadence-column61_8b60e2-ce > .kt-inside-inner-col{flex-direction:column;justify-content:center;}}@media all and (max-width: 767px){.kadence-column61_8b60e2-ce > .kt-inside-inner-col{flex-direction:column;justify-content:center;}}<\/style>\n<div class=\"wp-block-kadence-column kadence-column61_8b60e2-ce\"><div class=\"kt-inside-inner-col\"><\/div><\/div>\n\n\n\n<div class=\"wp-block-kadence-column\"><div class=\"kt-inside-inner-col\"><\/div><\/div>\n\n<\/div><\/div>","protected":false},"excerpt":{"rendered":"<p>Informations sur la participation et l&rsquo;inscription Frais d&rsquo;inscription Notes : * L\u2019inscription \u00e0 la soir\u00e9e de gala comprend&nbsp;: un ap\u00e9ritif (1 coupon de consommation), un repas 3 services (entr\u00e9e\/plat\/dessert), le vin ainsi que la soir\u00e9e dansante (DJ). Plus de d\u00e9tails (lieu, modalit\u00e9s organisationnelles, etc.) suivront ult\u00e9rieurement. Le nombre de places est limit\u00e9. Modalit\u00e9s de paiement&#8230;<\/p>\n","protected":false},"author":1,"featured_media":0,"parent":0,"menu_order":0,"comment_status":"closed","ping_status":"closed","template":"","meta":{"_kad_post_transparent":"","_kad_post_title":"","_kad_post_layout":"narrow","_kad_post_sidebar_id":"","_kad_post_content_style":"","_kad_post_vertical_padding":"","_kad_post_feature":"","_kad_post_feature_position":"","_kad_post_header":false,"_kad_post_footer":false,"_kad_post_classname":"","footnotes":""},"class_list":["post-61","page","type-page","status-publish","hentry"],"_links":{"self":[{"href":"https:\/\/ref2026.evenement.usherbrooke.ca\/index.php?rest_route=\/wp\/v2\/pages\/61","targetHints":{"allow":["GET"]}}],"collection":[{"href":"https:\/\/ref2026.evenement.usherbrooke.ca\/index.php?rest_route=\/wp\/v2\/pages"}],"about":[{"href":"https:\/\/ref2026.evenement.usherbrooke.ca\/index.php?rest_route=\/wp\/v2\/types\/page"}],"author":[{"embeddable":true,"href":"https:\/\/ref2026.evenement.usherbrooke.ca\/index.php?rest_route=\/wp\/v2\/users\/1"}],"replies":[{"embeddable":true,"href":"https:\/\/ref2026.evenement.usherbrooke.ca\/index.php?rest_route=%2Fwp%2Fv2%2Fcomments&post=61"}],"version-history":[{"count":115,"href":"https:\/\/ref2026.evenement.usherbrooke.ca\/index.php?rest_route=\/wp\/v2\/pages\/61\/revisions"}],"predecessor-version":[{"id":2765,"href":"https:\/\/ref2026.evenement.usherbrooke.ca\/index.php?rest_route=\/wp\/v2\/pages\/61\/revisions\/2765"}],"wp:attachment":[{"href":"https:\/\/ref2026.evenement.usherbrooke.ca\/index.php?rest_route=%2Fwp%2Fv2%2Fmedia&parent=61"}],"curies":[{"name":"wp","href":"https:\/\/api.w.org\/{rel}","templated":true}]}}