{"id":63,"date":"2025-03-03T16:04:26","date_gmt":"2025-03-03T16:04:26","guid":{"rendered":"https:\/\/ref2006.evenement.usherbrooke.ca\/?page_id=63"},"modified":"2025-12-14T17:45:53","modified_gmt":"2025-12-14T17:45:53","slug":"journee-de-la-releve-doctorante","status":"publish","type":"page","link":"https:\/\/ref2026.evenement.usherbrooke.ca\/?page_id=63","title":{"rendered":"L&rsquo;appel \u00e0 participation"},"content":{"rendered":"<style>.kb-row-layout-id63_18295d-4d > .kt-row-column-wrap{align-content:start;}:where(.kb-row-layout-id63_18295d-4d > .kt-row-column-wrap) > .wp-block-kadence-column{justify-content:start;}.kb-row-layout-id63_18295d-4d > .kt-row-column-wrap{column-gap:var(--global-kb-gap-md, 2rem);row-gap:var(--global-kb-gap-md, 2rem);max-width:804px;margin-left:auto;margin-right:auto;padding-top:var(--global-kb-spacing-sm, 1.5rem);padding-bottom:var(--global-kb-spacing-sm, 1.5rem);grid-template-columns:minmax(0, 1fr);}.kb-row-layout-id63_18295d-4d > .kt-row-layout-overlay{opacity:0.30;}.kb-row-layout-id63_18295d-4d .kt-row-layout-bottom-sep{height:291px;}.kb-row-layout-id63_18295d-4d .kt-row-layout-bottom-sep svg{width:100%;}.kb-row-layout-id63_18295d-4d .kt-row-layout-bottom-sep svg{fill:#ffffff!important;}@media all and (max-width: 1024px){.kb-row-layout-id63_18295d-4d > .kt-row-column-wrap{grid-template-columns:minmax(0, 1fr);}}@media all and (max-width: 1024px){.kb-row-layout-id63_18295d-4d .kt-row-layout-bottom-sep{height:px;}}@media all and (max-width: 1024px){.kb-row-layout-id63_18295d-4d .kt-row-layout-bottom-sep svg{width:%;}}@media all and (max-width: 767px){.kb-row-layout-id63_18295d-4d > .kt-row-column-wrap{grid-template-columns:minmax(0, 1fr);}.kb-row-layout-id63_18295d-4d .kt-row-layout-bottom-sep{height:px;}.kb-row-layout-id63_18295d-4d .kt-row-layout-bottom-sep svg{width:%;}}<\/style><div class=\"kb-row-layout-wrap kb-row-layout-id63_18295d-4d alignnone wp-block-kadence-rowlayout\"><div class=\"kt-row-layout-bottom-sep kt-row-sep-type-mtns\"><svg viewBox=\"0 0 1000 100\" preserveAspectRatio=\"none\"><path d=\"M1000,50l-182.69,-45.286l-292.031,61.197l-190.875,-41.075l-143.748,28.794l-190.656,-23.63l0,70l1000,0l0,-50Z\" style=\"opacity: 0.4\" \/><path d=\"M1000,57l-152.781,-22.589l-214.383,19.81l-159.318,-21.471l-177.44,25.875l-192.722,5.627l-103.356,-27.275l0,63.023l1000,0l0,-43Z\" \/><\/svg><\/div><div class=\"kt-row-column-wrap kt-has-1-columns kt-row-layout-equal kt-tab-layout-inherit kt-mobile-layout-row kt-row-valign-top\">\n<style>.kadence-column63_ccc345-9f > .kt-inside-inner-col,.kadence-column63_ccc345-9f > .kt-inside-inner-col:before{border-top-left-radius:0px;border-top-right-radius:0px;border-bottom-right-radius:0px;border-bottom-left-radius:0px;}.kadence-column63_ccc345-9f > .kt-inside-inner-col{column-gap:var(--global-kb-gap-sm, 1rem);}.kadence-column63_ccc345-9f > .kt-inside-inner-col{flex-direction:column;}.kadence-column63_ccc345-9f > .kt-inside-inner-col > .aligncenter{width:100%;}.kadence-column63_ccc345-9f > .kt-inside-inner-col:before{opacity:0.3;}.kadence-column63_ccc345-9f{position:relative;}@media all and (max-width: 1024px){.kadence-column63_ccc345-9f > .kt-inside-inner-col{flex-direction:column;justify-content:center;}}@media all and (max-width: 767px){.kadence-column63_ccc345-9f > .kt-inside-inner-col{flex-direction:column;justify-content:center;}}<\/style>\n<div class=\"wp-block-kadence-column kadence-column63_ccc345-9f\"><div class=\"kt-inside-inner-col\">\n<h3 class=\"wp-block-heading\" style=\"margin-top:var(--wp--preset--spacing--40);margin-bottom:0\"><strong>Modalit\u00e9s d\u2019inscription<\/strong><\/h3>\n\n\n\n<p class=\"justifier\" style=\"margin-top:0;margin-bottom:0\">L\u2019inscription est obligatoire pour participer \u00e0 la journ\u00e9e de la rel\u00e8ve et aux autres activit\u00e9s du REF. Les informations et les modalit\u00e9s d\u2019inscription sont disponibles sur <a href=\"https:\/\/ref2026.evenement.usherbrooke.ca\/?page_id=61\" data-type=\"link\" data-id=\"https:\/\/ref2026.evenement.usherbrooke.ca\/?page_id=61\"><strong>ce lien<\/strong><\/a><\/p>\n\n\n\n<h3 class=\"wp-block-heading has--font-size\"><strong>Appel pour participer \u00e0 la journ\u00e9e de la rel\u00e8ve<\/strong> (Ferm\u00e9)<\/h3>\n\n\n\n<p class=\"justifier\" style=\"margin-bottom:var(--wp--preset--spacing--30)\">Nous avons le plaisir d\u2019annoncer l\u2019ouverture de l\u2019appel pour pr\u00e9sentation des projets de recherche, dans la cadre de la journ\u00e9e de la rel\u00e8ve au REF 2026. Cet \u00e9v\u00e9nement, qui se tiendra enti\u00e8rement <strong>en pr\u00e9sentiel<\/strong>, est destin\u00e9 aux \u00e9tudiantes et \u00e9tudiants au doctorat, ainsi qu\u2019aux stagiaires au postdoctorat sous la supervision d\u2019une professeure ou d\u2019un professeur participant aux symposiums du REF.<\/p>\n\n\n\n<p class=\"justifier\" style=\"margin-bottom:var(--wp--preset--spacing--30)\">La journ\u00e9e vise \u00e0 mettre en valeur les divers travaux de recherche de la rel\u00e8ve dans le domaine de l\u2019\u00e9ducation, tout en favorisant les \u00e9changes entre les personnes participantes et des personnes chercheuses invit\u00e9es \u00e0 animer les pr\u00e9sentations et les discussions su sein de petits groupes compos\u00e9s chacun de 5 \u00e0 6 personnes \u00e9tudiantes en provenance du Qu\u00e9bec, de la Belgique, de la France et de la Suisse. La composition de chaque \u00e9quipe vise \u00e0 engager les \u00e9tudiantes et \u00e9tudiants dans des \u00e9changes riches et formateurs. &nbsp;<\/p>\n\n\n\n<p class=\"justifier\">En fonction de l\u2019\u00e9tat d\u2019avancement des travaux des \u00e9tudiantes et \u00e9tudiants, les propositions de communications attendues incluent une pr\u00e9sentation succincte de la probl\u00e9matique; du cadre de r\u00e9f\u00e9rence; des objectifs de la recherche et \u00e9ventuellement de la m\u00e9thodologie envisag\u00e9e. Les r\u00e9sultats de recherche peuvent \u00eatre pr\u00e9sent\u00e9s si l\u2019\u00e9tat d\u2019avancement le permet.<\/p>\n\n\n\n<h3 class=\"wp-block-heading justifier\" style=\"margin-top:var(--wp--preset--spacing--40);margin-bottom:0\"><strong>Modalit\u00e9s de participation<\/strong><\/h3>\n\n\n\n<p class=\"justifier\" style=\"margin-top:0;margin-bottom:0\">Cet appel est exclusivement destin\u00e9 aux \u00e9tudiantes et \u00e9tudiants actuellement sous la direction ou la codirection d\u2019une personne professeure participant \u00e0 l\u2019un des symposiums du REF 2026. Chaque projet sera pr\u00e9sent\u00e9 pendant 15 minutes, suivies de 20 minutes de discussion avec les personnes chercheuses mod\u00e9ratrices de la session.<\/p>\n\n\n\n<p class=\"justifier\" style=\"margin-bottom:0\">Les personnes int\u00e9ress\u00e9es sont invit\u00e9es \u00e0 envoyer \u00e0 l\u2019adresse :&nbsp;<a href=\"https:\/\/ref2026.evenement.usherbrooke.ca\/ref2026@usherbrooke.ca\"><strong>ref2026@usherbrooke.ca<\/strong><\/a> <strong>un<\/strong> <strong>document Word<\/strong> comprenant&nbsp;:<\/p>\n\n\n\n<p style=\"margin-bottom:0;margin-left:var(--wp--preset--spacing--40)\">&#8211; Le nom complet<\/p>\n\n\n\n<p style=\"margin-bottom:0;margin-left:var(--wp--preset--spacing--40)\">&#8211; L\u2019institution d\u2019attache<\/p>\n\n\n\n<p style=\"margin-bottom:0;margin-left:var(--wp--preset--spacing--40)\">&#8211; Le nom de la directrice ou du directeur de la th\u00e8se<\/p>\n\n\n\n<p style=\"margin-bottom:0;margin-left:var(--wp--preset--spacing--40)\">&#8211; le titre de la th\u00e8se ou du projet postdoctoral<\/p>\n\n\n\n<p style=\"margin-bottom:0;margin-left:var(--wp--preset--spacing--40)\">&#8211; Un r\u00e9sum\u00e9 de 500 mots max<\/p>\n\n\n\n<h3 class=\"wp-block-heading\" style=\"margin-top:var(--wp--preset--spacing--40);margin-bottom:0\"><strong>Calendrier<\/strong><\/h3>\n\n\n<style>.kb-table-container63_f4fdd8-55{margin-right:var(--global-kb-spacing-lg, 3rem);max-width:100%;max-height:1358px;overflow-x:auto;}.kb-table63_f4fdd8-55 td:nth-of-type(1), .kb-table63_f4fdd8-55 th:nth-of-type(1){width:42%;}.kb-table63_f4fdd8-55 td:nth-of-type(2), .kb-table63_f4fdd8-55 th:nth-of-type(2){width:45%;}.kb-table63_f4fdd8-55{table-layout:fixed;width:100%;}.kb-table63_f4fdd8-55 tr{height:0px;}.kb-table-container .kb-table63_f4fdd8-55 th{padding-top:0px;padding-right:0px;padding-bottom:0px;padding-left:var(--global-kb-spacing-xs, 1rem);text-align:center;}.kb-table-container .kb-table63_f4fdd8-55 caption{text-align:center;}.kb-table-container .kb-table63_f4fdd8-55 td{padding-top:0px;padding-right:0px;padding-bottom:0px;padding-left:var(--global-kb-spacing-xs, 1rem);text-align:left;}<\/style><div class=\"kb-table-container kb-table-container63_f4fdd8-55 wp-block-kadence-table\"><table class=\"kb-table kb-table63_f4fdd8-55\">\n<tr class=\"kb-table-row kb-table-row63_6071e5-a0\">\n<td class=\"kb-table-data kb-table-data63_ec452d-65\">\n\n<p style=\"border-style:none;border-width:0px;margin-top:0;margin-bottom:0\">Appel \u00e0 contribution<\/p>\n\n<\/td>\n\n<td class=\"kb-table-data kb-table-data63_585ecc-43\">\n\n<p class=\"has-text-align-left\" style=\"margin-top:0;margin-right:0;margin-bottom:0;margin-left:0;padding-top:0\">: 15 juillet 2025<\/p>\n\n<\/td>\n<\/tr>\n\n<tr class=\"kb-table-row kb-table-row63_3eea2c-b9\">\n<td class=\"kb-table-data kb-table-data63_0d3b40-fe\">\n\n<p>Soumission des propositions<\/p>\n\n<\/td>\n\n<td class=\"kb-table-data kb-table-data63_c61811-01\">\n\n<p style=\"margin-top:0;margin-bottom:0;padding-top:0;padding-bottom:0\">: <strong>Ferm\u00e9e<\/strong><\/p>\n\n<\/td>\n<\/tr>\n\n<tr class=\"kb-table-row kb-table-row63_f29a1d-be\">\n<td class=\"kb-table-data kb-table-data63_0c4b70-70\">\n\n<p>Notifications aux personnes participantes<\/p>\n\n<\/td>\n\n<td class=\"kb-table-data kb-table-data63_4de232-ec\">\n\n<p>: 03 novembre 2025<\/p>\n\n<\/td>\n<\/tr>\n\n<tr class=\"kb-table-row kb-table-row63_44f1f8-fc\">\n<td class=\"kb-table-data kb-table-data63_369ef6-47\">\n\n<p>Diffusion du programme&nbsp;<\/p>\n\n<\/td>\n\n<td class=\"kb-table-data kb-table-data63_fc7f5d-01\">\n\n<p>: 07 novembre 2025<\/p>\n\n<\/td>\n<\/tr>\n\n<tr class=\"kb-table-row kb-table-row63_1b654a-68\">\n<td class=\"kb-table-data kb-table-data63_d449dc-ba\">\n\n<p>Journ\u00e9e de la rel\u00e8ve<\/p>\n\n<\/td>\n\n<td class=\"kb-table-data kb-table-data63_118392-0b\">\n\n<p>: 6 juillet 2026<\/p>\n\n<\/td>\n<\/tr>\n<\/table><\/div>\n\n\n<h3 class=\"wp-block-heading\" style=\"margin-top:var(--wp--preset--spacing--40);margin-bottom:0\"><\/h3>\n\n\n\n<p class=\"justifier\"><\/p>\n\n\n\n<p class=\"justifier\"><\/p>\n\n\n\n<p class=\"justifier\"><\/p>\n\n\n\n<p><\/p>\n<\/div><\/div>\n\n<\/div><\/div>\n\n\n<p><\/p>\n","protected":false},"excerpt":{"rendered":"<p>Modalit\u00e9s d\u2019inscription L\u2019inscription est obligatoire pour participer \u00e0 la journ\u00e9e de la rel\u00e8ve et aux autres activit\u00e9s du REF. Les informations et les modalit\u00e9s d\u2019inscription sont disponibles sur ce lien Appel pour participer \u00e0 la journ\u00e9e de la rel\u00e8ve (Ferm\u00e9) Nous avons le plaisir d\u2019annoncer l\u2019ouverture de l\u2019appel pour pr\u00e9sentation des projets de recherche, dans&#8230;<\/p>\n","protected":false},"author":1,"featured_media":0,"parent":0,"menu_order":0,"comment_status":"closed","ping_status":"closed","template":"","meta":{"_kad_post_transparent":"","_kad_post_title":"","_kad_post_layout":"","_kad_post_sidebar_id":"","_kad_post_content_style":"","_kad_post_vertical_padding":"","_kad_post_feature":"","_kad_post_feature_position":"","_kad_post_header":false,"_kad_post_footer":false,"_kad_post_classname":"","footnotes":""},"class_list":["post-63","page","type-page","status-publish","hentry"],"_links":{"self":[{"href":"https:\/\/ref2026.evenement.usherbrooke.ca\/index.php?rest_route=\/wp\/v2\/pages\/63","targetHints":{"allow":["GET"]}}],"collection":[{"href":"https:\/\/ref2026.evenement.usherbrooke.ca\/index.php?rest_route=\/wp\/v2\/pages"}],"about":[{"href":"https:\/\/ref2026.evenement.usherbrooke.ca\/index.php?rest_route=\/wp\/v2\/types\/page"}],"author":[{"embeddable":true,"href":"https:\/\/ref2026.evenement.usherbrooke.ca\/index.php?rest_route=\/wp\/v2\/users\/1"}],"replies":[{"embeddable":true,"href":"https:\/\/ref2026.evenement.usherbrooke.ca\/index.php?rest_route=%2Fwp%2Fv2%2Fcomments&post=63"}],"version-history":[{"count":86,"href":"https:\/\/ref2026.evenement.usherbrooke.ca\/index.php?rest_route=\/wp\/v2\/pages\/63\/revisions"}],"predecessor-version":[{"id":2687,"href":"https:\/\/ref2026.evenement.usherbrooke.ca\/index.php?rest_route=\/wp\/v2\/pages\/63\/revisions\/2687"}],"wp:attachment":[{"href":"https:\/\/ref2026.evenement.usherbrooke.ca\/index.php?rest_route=%2Fwp%2Fv2%2Fmedia&parent=63"}],"curies":[{"name":"wp","href":"https:\/\/api.w.org\/{rel}","templated":true}]}}