{"id":67,"date":"2025-03-03T16:05:03","date_gmt":"2025-03-03T16:05:03","guid":{"rendered":"https:\/\/ref2006.evenement.usherbrooke.ca\/?page_id=67"},"modified":"2025-07-11T18:53:08","modified_gmt":"2025-07-11T18:53:08","slug":"symposiums","status":"publish","type":"page","link":"https:\/\/ref2026.evenement.usherbrooke.ca\/?page_id=67","title":{"rendered":"R\u00e8gles de fonctionnement"},"content":{"rendered":"<style>.kb-row-layout-id67_960385-fa > .kt-row-column-wrap{align-content:start;}:where(.kb-row-layout-id67_960385-fa > .kt-row-column-wrap) > .wp-block-kadence-column{justify-content:start;}.kb-row-layout-id67_960385-fa > .kt-row-column-wrap{column-gap:var(--global-kb-gap-md, 2rem);row-gap:var(--global-kb-gap-md, 2rem);max-width:800px;margin-left:auto;margin-right:auto;padding-top:var(--global-kb-spacing-sm, 1.5rem);padding-bottom:var(--global-kb-spacing-sm, 1.5rem);grid-template-columns:minmax(0, 1fr);}.kb-row-layout-id67_960385-fa > .kt-row-layout-overlay{opacity:0.30;}@media all and (max-width: 1024px){.kb-row-layout-id67_960385-fa > .kt-row-column-wrap{grid-template-columns:minmax(0, 1fr);}}@media all and (max-width: 767px){.kb-row-layout-id67_960385-fa > .kt-row-column-wrap{grid-template-columns:minmax(0, 1fr);}}<\/style><div class=\"kb-row-layout-wrap kb-row-layout-id67_960385-fa alignnone wp-block-kadence-rowlayout\"><div class=\"kt-row-column-wrap kt-has-1-columns kt-row-layout-equal kt-tab-layout-inherit kt-mobile-layout-row kt-row-valign-top\">\n<style>.kadence-column67_2ac32e-e4 > .kt-inside-inner-col,.kadence-column67_2ac32e-e4 > .kt-inside-inner-col:before{border-top-left-radius:0px;border-top-right-radius:0px;border-bottom-right-radius:0px;border-bottom-left-radius:0px;}.kadence-column67_2ac32e-e4 > .kt-inside-inner-col{column-gap:var(--global-kb-gap-sm, 1rem);}.kadence-column67_2ac32e-e4 > .kt-inside-inner-col{flex-direction:column;}.kadence-column67_2ac32e-e4 > .kt-inside-inner-col > .aligncenter{width:100%;}.kadence-column67_2ac32e-e4 > .kt-inside-inner-col:before{opacity:0.3;}.kadence-column67_2ac32e-e4{position:relative;}@media all and (max-width: 1024px){.kadence-column67_2ac32e-e4 > .kt-inside-inner-col{flex-direction:column;justify-content:center;}}@media all and (max-width: 767px){.kadence-column67_2ac32e-e4 > .kt-inside-inner-col{flex-direction:column;justify-content:center;}}<\/style>\n<div class=\"wp-block-kadence-column kadence-column67_2ac32e-e4\"><div class=\"kt-inside-inner-col\">\n<h2 class=\"wp-block-heading\">R\u00e8gles de fonctionnement et soumission des symposiums<\/h2>\n\n\n\n<p class=\"justifier\" style=\"margin-bottom:var(--wp--preset--spacing--30)\">Les symposiums sont sollicit\u00e9s par invitation seulement, et non par un appel ouvert. Chaque symposium doit r\u00e9unir entre 10 et 12 textes, dont la discussion est planifi\u00e9e sur deux journ\u00e9es.<\/p>\n\n\n\n<p class=\"justifier\" style=\"margin-bottom:var(--wp--preset--spacing--30)\">La coordination de chaque symposium est assur\u00e9e par au moins deux personnes (id\u00e9alement quatre) d\u2019au moins deux pays (id\u00e9alement trois ou quatre) et dont l\u2019une provient de l\u2019Universit\u00e9 de Sherbrooke, prioritairement, ou d\u2019une autre universit\u00e9 qu\u00e9b\u00e9coise. Ces personnes coordinatrices ont les responsabilit\u00e9s suivantes :<\/p>\n\n\n\n<ul class=\"wp-block-list\">\n<li class=\"justifier\">agir \u00e0 titre d\u2019interlocutrices ou d\u2019interlocuteurs avec le comit\u00e9 organisateur des rencontres REF ;<\/li>\n\n\n\n<li class=\"justifier\">d\u00e9finir le th\u00e8me du symposium et r\u00e9diger un texte de cadrage (2 500 signes, espaces compris) mettant en \u00e9vidence les enjeux du projet de symposium ;<\/li>\n\n\n\n<li class=\"justifier\">r\u00e9unir des personnes contributrices qui prendront en charge les 10 \u00e0 12 textes en respectant la diversit\u00e9 g\u00e9ographique (au moins deux contributions pour chacun des quatre pays) et en int\u00e9grant au moins une personne \u00e9tudiante (id\u00e9alement plus);<\/li>\n\n\n\n<li class=\"justifier\">faire tous les suivis n\u00e9cessaires avec les membres du symposium et partager avec eux toutes les informations \u00e9manant du comit\u00e9 organisateur des journ\u00e9es du REF;<\/li>\n\n\n\n<li class=\"justifier\">rassembler les contributions et les diffuser aupr\u00e8s de l\u2019ensemble des membres du symposium environ deux mois avant les rencontres, afin de permettre leur lecture pr\u00e9alable par l\u2019ensemble des participantes et participants;<\/li>\n\n\n\n<li class=\"justifier\">d\u00e9signer les personnes discutantes pour chacune des contributions et \u00e9tablir le programme des deux journ\u00e9es du symposium (ordre de discussion des contributions; temps de pr\u00e9sentation de chaque texte; temps de discussion; pauses; etc.);<\/li>\n\n\n\n<li class=\"justifier\">accueillir les membres du symposium et d\u00e9signer des personnes animatrices qui veilleront au bon d\u00e9roulement des deux journ\u00e9es;<\/li>\n\n\n\n<li class=\"justifier\">explorer en amont de l\u2019\u00e9v\u00e8nement les possibilit\u00e9s de publication du symposium (maisons d\u2019\u00e9dition ou revues scientifiques);<\/li>\n\n\n\n<li class=\"justifier\">discuter avec les membres du symposium des modalit\u00e9s de l\u2019\u00e9dition d\u2019une publication (ouvrage collectif ou num\u00e9ro de revue scientifique) d\u00e9coulant des textes discut\u00e9s et en assurer les suivis.<\/li>\n<\/ul>\n\n\n\n<p class=\"justifier\"><\/p>\n<\/div><\/div>\n\n<\/div><\/div>\n\n<style>.kb-row-layout-id67_d366c7-4e > .kt-row-column-wrap{align-content:start;}:where(.kb-row-layout-id67_d366c7-4e > .kt-row-column-wrap) > .wp-block-kadence-column{justify-content:start;}.kb-row-layout-id67_d366c7-4e > .kt-row-column-wrap{column-gap:var(--global-kb-gap-md, 2rem);row-gap:var(--global-kb-gap-md, 2rem);padding-top:var(--global-kb-spacing-sm, 1.5rem);padding-bottom:var(--global-kb-spacing-sm, 1.5rem);grid-template-columns:minmax(0, 1fr);}.kb-row-layout-id67_d366c7-4e > .kt-row-layout-overlay{opacity:0.30;}.kb-row-layout-id67_d366c7-4e .kt-row-layout-bottom-sep{height:100px;}.kb-row-layout-id67_d366c7-4e .kt-row-layout-bottom-sep svg{width:100%;}.kb-row-layout-id67_d366c7-4e .kt-row-layout-bottom-sep svg{fill:#ffffff!important;}@media all and (max-width: 1024px){.kb-row-layout-id67_d366c7-4e > .kt-row-column-wrap{grid-template-columns:minmax(0, 1fr);}}@media all and (max-width: 1024px){.kb-row-layout-id67_d366c7-4e .kt-row-layout-bottom-sep{height:px;}}@media all and (max-width: 1024px){.kb-row-layout-id67_d366c7-4e .kt-row-layout-bottom-sep svg{width:%;}}@media all and (max-width: 767px){.kb-row-layout-id67_d366c7-4e > .kt-row-column-wrap{grid-template-columns:minmax(0, 1fr);}.kb-row-layout-id67_d366c7-4e .kt-row-layout-bottom-sep{height:px;}.kb-row-layout-id67_d366c7-4e .kt-row-layout-bottom-sep svg{width:%;}}<\/style><div class=\"kb-row-layout-wrap kb-row-layout-id67_d366c7-4e alignnone wp-block-kadence-rowlayout\"><div class=\"kt-row-layout-bottom-sep kt-row-sep-type-wavesi\"><svg viewBox=\"0 0 1000 100\" preserveAspectRatio=\"none\"><path d=\"M0,40c0,0 120.077,-38.076 250,-38c129.923,0.076 345.105,78 500,78c154.895,0 250,-30 250,-30l0,50l-1000,0l0,-60Z\" \/><path d=\"M0,40c0,0 120.077,-38.076 250,-38c129.923,0.076 345.105,73 500,73c154.895,0 250,-45 250,-45l0,70l-1000,0l0,-60Z\" style=\"opacity: 0.4\" \/><path d=\"M0,40c0,0 120.077,-38.076 250,-38c129.923,0.076 345.105,68 500,68c154.895,0 250,-65 250,-65l0,95l-1000,0l0,-60Z\" style=\"opacity: 0.4\" \/><\/svg><\/div><div class=\"kt-row-column-wrap kt-has-1-columns kt-row-layout-equal kt-tab-layout-inherit kt-mobile-layout-row kt-row-valign-top\">\n<style>.kadence-column67_ffbb82-2a > .kt-inside-inner-col,.kadence-column67_ffbb82-2a > .kt-inside-inner-col:before{border-top-left-radius:0px;border-top-right-radius:0px;border-bottom-right-radius:0px;border-bottom-left-radius:0px;}.kadence-column67_ffbb82-2a > .kt-inside-inner-col{column-gap:var(--global-kb-gap-sm, 1rem);}.kadence-column67_ffbb82-2a > .kt-inside-inner-col{flex-direction:column;}.kadence-column67_ffbb82-2a > .kt-inside-inner-col > .aligncenter{width:100%;}.kadence-column67_ffbb82-2a > .kt-inside-inner-col:before{opacity:0.3;}.kadence-column67_ffbb82-2a{position:relative;}@media all and (max-width: 1024px){.kadence-column67_ffbb82-2a > .kt-inside-inner-col{flex-direction:column;justify-content:center;}}@media all and (max-width: 767px){.kadence-column67_ffbb82-2a > .kt-inside-inner-col{flex-direction:column;justify-content:center;}}<\/style>\n<div class=\"wp-block-kadence-column kadence-column67_ffbb82-2a\"><div class=\"kt-inside-inner-col\">\n<figure class=\"wp-block-image alignfull size-large\"><img loading=\"lazy\" decoding=\"async\" width=\"1024\" height=\"470\" src=\"https:\/\/ref2006.evenement.usherbrooke.ca\/wp-content\/uploads\/2025\/03\/vue-ville-sherbrooke-4_44222643381_o-1-1024x470.jpg\" alt=\"\" class=\"wp-image-386\" srcset=\"https:\/\/ref2026.evenement.usherbrooke.ca\/wp-content\/uploads\/2025\/03\/vue-ville-sherbrooke-4_44222643381_o-1-1024x470.jpg 1024w, https:\/\/ref2026.evenement.usherbrooke.ca\/wp-content\/uploads\/2025\/03\/vue-ville-sherbrooke-4_44222643381_o-1-300x138.jpg 300w, https:\/\/ref2026.evenement.usherbrooke.ca\/wp-content\/uploads\/2025\/03\/vue-ville-sherbrooke-4_44222643381_o-1-768x353.jpg 768w, https:\/\/ref2026.evenement.usherbrooke.ca\/wp-content\/uploads\/2025\/03\/vue-ville-sherbrooke-4_44222643381_o-1-1536x705.jpg 1536w, https:\/\/ref2026.evenement.usherbrooke.ca\/wp-content\/uploads\/2025\/03\/vue-ville-sherbrooke-4_44222643381_o-1-2048x940.jpg 2048w\" sizes=\"auto, (max-width: 1024px) 100vw, 1024px\" \/><\/figure>\n<\/div><\/div>\n\n<\/div><\/div>\n\n\n<p><\/p>\n","protected":false},"excerpt":{"rendered":"<p>R\u00e8gles de fonctionnement et soumission des symposiums Les symposiums sont sollicit\u00e9s par invitation seulement, et non par un appel ouvert. Chaque symposium doit r\u00e9unir entre 10 et 12 textes, dont la discussion est planifi\u00e9e sur deux journ\u00e9es. La coordination de chaque symposium est assur\u00e9e par au moins deux personnes (id\u00e9alement quatre) d\u2019au moins deux pays&#8230;<\/p>\n","protected":false},"author":1,"featured_media":0,"parent":0,"menu_order":0,"comment_status":"closed","ping_status":"closed","template":"","meta":{"_kad_post_transparent":"","_kad_post_title":"","_kad_post_layout":"","_kad_post_sidebar_id":"","_kad_post_content_style":"","_kad_post_vertical_padding":"","_kad_post_feature":"","_kad_post_feature_position":"","_kad_post_header":false,"_kad_post_footer":false,"_kad_post_classname":"","footnotes":""},"class_list":["post-67","page","type-page","status-publish","hentry"],"_links":{"self":[{"href":"https:\/\/ref2026.evenement.usherbrooke.ca\/index.php?rest_route=\/wp\/v2\/pages\/67","targetHints":{"allow":["GET"]}}],"collection":[{"href":"https:\/\/ref2026.evenement.usherbrooke.ca\/index.php?rest_route=\/wp\/v2\/pages"}],"about":[{"href":"https:\/\/ref2026.evenement.usherbrooke.ca\/index.php?rest_route=\/wp\/v2\/types\/page"}],"author":[{"embeddable":true,"href":"https:\/\/ref2026.evenement.usherbrooke.ca\/index.php?rest_route=\/wp\/v2\/users\/1"}],"replies":[{"embeddable":true,"href":"https:\/\/ref2026.evenement.usherbrooke.ca\/index.php?rest_route=%2Fwp%2Fv2%2Fcomments&post=67"}],"version-history":[{"count":22,"href":"https:\/\/ref2026.evenement.usherbrooke.ca\/index.php?rest_route=\/wp\/v2\/pages\/67\/revisions"}],"predecessor-version":[{"id":2001,"href":"https:\/\/ref2026.evenement.usherbrooke.ca\/index.php?rest_route=\/wp\/v2\/pages\/67\/revisions\/2001"}],"wp:attachment":[{"href":"https:\/\/ref2026.evenement.usherbrooke.ca\/index.php?rest_route=%2Fwp%2Fv2%2Fmedia&parent=67"}],"curies":[{"name":"wp","href":"https:\/\/api.w.org\/{rel}","templated":true}]}}